{"id":2888,"date":"2016-10-25T16:44:11","date_gmt":"2016-10-25T15:44:11","guid":{"rendered":"https:\/\/freeyourpost.com\/es\/managment\/"},"modified":"2024-03-22T11:29:29","modified_gmt":"2024-03-22T10:29:29","slug":"supervision","status":"publish","type":"page","link":"https:\/\/freeyourpost.com\/es\/","title":{"rendered":"supervisi\u00f3n"},"content":{"rendered":"[vc_row type=\u00bbfull_width_content\u00bb full_screen_row_position=\u00bbmiddle\u00bb equal_height=\u00bbyes\u00bb content_placement=\u00bbmiddle\u00bb bg_image=\u00bb3359&#8243; bg_position=\u00bbleft top\u00bb bg_repeat=\u00bbno-repeat\u00bb bg_color=\u00bb#00a7a8&#8243; scene_position=\u00bbcenter\u00bb text_color=\u00bblight\u00bb text_align=\u00bbcenter\u00bb top_padding=\u00bb0&#8243; bottom_padding=\u00bb0&#8243; overlay_strength=\u00bb0.3&#8243;][vc_column column_padding=\u00bbpadding-4-percent\u00bb column_padding_position=\u00bball\u00bb background_color=\u00bb#ffffff\u00bb background_color_opacity=\u00bb1&#8243; background_hover_color_opacity=\u00bb1&#8243; width=\u00bb1\/2&#8243; tablet_text_alignment=\u00bbdefault\u00bb phone_text_alignment=\u00bbdefault\u00bb][vc_row_inner equal_height=\u00bbyes\u00bb text_align=\u00bbleft\u00bb][vc_column_inner column_padding=\u00bbno-extra-padding\u00bb column_padding_position=\u00bball\u00bb background_color_opacity=\u00bb1&#8243; width=\u00bb1\/1&#8243;][vc_column_text]\n<h1 style=\"text-align: left;\"><span style=\"color: #00a7a8;\"><strong>SUPERVISI\u00d3N<\/strong><\/span><\/h1>\n<h3><\/h3>\n<h3><span style=\"color: #666666;\">En Freeyourpost estamos especializados en el dise\u00f1o de workflow de postproduccion y equipos de trabajo, as\u00ed como en el control de costes para proyectos nacionales e internacionales. Supervisamos y coordinamos los proyectos desde su fase inicial para asegurar la m\u00e1xima calidad sin desviaciones en el presupuesto.<\/span><\/h3>\n<h3><span style=\"color: #666666;\">Te asistimos desde el origen de la idea, estudiamos tu proyecto y desarrollamos detalladamente sus pros y contras para valorarlos contigo y encontrar la soluci\u00f3n \u00f3ptima para hacer viable tu proyecto, con el m\u00e1ximo nivel de calidad y los costes m\u00e1s ajustados.<\/span><\/h3>\n[\/vc_column_text][\/vc_column_inner][\/vc_row_inner][\/vc_column][vc_column enable_animation=\u00bbtrue\u00bb animation=\u00bbfade-in-from-right\u00bb centered_text=\u00bbtrue\u00bb column_padding=\u00bbno-extra-padding\u00bb column_padding_position=\u00bball\u00bb background_color=\u00bb#ffffff\u00bb background_color_opacity=\u00bb1&#8243; background_hover_color_opacity=\u00bb1&#8243; font_color=\u00bb#ffffff\u00bb width=\u00bb1\/2&#8243; tablet_text_alignment=\u00bbdefault\u00bb phone_text_alignment=\u00bbdefault\u00bb]<div class=\"img-with-aniamtion-wrap \" data-max-width=\"100%\"><div class=\"inner\"><img decoding=\"async\" data-shadow=\"none\" data-shadow-direction=\"middle\" class=\"img-with-animation \" data-delay=\"0\" height=\"100%\" width=\"100%\" data-animation=\"fade-in\" src=\"https:\/\/freeyourpost.com\/subdomain\/wp-content\/uploads\/2016\/12\/freeyourpost-retouche-last-25.jpg\" alt=\"servicing\" \/><\/div><\/div>[\/vc_column][\/vc_row][vc_row type=\u00bbfull_width_content\u00bb full_screen_row_position=\u00bbmiddle\u00bb equal_height=\u00bbyes\u00bb content_placement=\u00bbmiddle\u00bb scene_position=\u00bbcenter\u00bb text_color=\u00bbcustom\u00bb custom_text_color=\u00bb#27ccc0&#8243; text_align=\u00bbcenter\u00bb top_padding=\u00bb0&#8243; bottom_padding=\u00bb0&#8243; overlay_strength=\u00bb0.3&#8243;][vc_column enable_animation=\u00bbtrue\u00bb animation=\u00bbfade-in-from-left\u00bb centered_text=\u00bbtrue\u00bb column_padding=\u00bbno-extra-padding\u00bb column_padding_position=\u00bball\u00bb background_color=\u00bb#ffffff\u00bb background_color_opacity=\u00bb1&#8243; background_hover_color_opacity=\u00bb1&#8243; width=\u00bb1\/2&#8243; tablet_text_alignment=\u00bbdefault\u00bb phone_text_alignment=\u00bbdefault\u00bb]<div class=\"img-with-aniamtion-wrap center\" data-max-width=\"100%\"><div class=\"inner\"><img decoding=\"async\" data-shadow=\"none\" data-shadow-direction=\"middle\" class=\"img-with-animation \" data-delay=\"0\" height=\"100%\" width=\"100%\" data-animation=\"fade-in\" src=\"https:\/\/freeyourpost.com\/subdomain\/wp-content\/uploads\/2016\/10\/20161123_120753-01-01.jpeg\" alt=\"\" \/><\/div><\/div>[\/vc_column][vc_column enable_animation=\u00bbtrue\u00bb animation=\u00bbnone\u00bb column_padding=\u00bbpadding-4-percent\u00bb column_padding_position=\u00bball\u00bb background_color=\u00bb#ffffff\u00bb background_color_opacity=\u00bb1&#8243; background_hover_color_opacity=\u00bb1&#8243; width=\u00bb1\/2&#8243; tablet_text_alignment=\u00bbdefault\u00bb phone_text_alignment=\u00bbdefault\u00bb][vc_row_inner content_placement=\u00bbmiddle\u00bb text_align=\u00bbleft\u00bb][vc_column_inner enable_animation=\u00bbtrue\u00bb animation=\u00bbnone\u00bb column_padding=\u00bbno-extra-padding\u00bb column_padding_position=\u00bball\u00bb background_color_opacity=\u00bb1&#8243; width=\u00bb1\/1&#8243;][vc_column_text]\n<h2 style=\"text-align: left; padding-left: 40px;\"><span style=\"color: #444;\">SERVICIOS<\/span><\/h2>\n<h3 style=\"text-align: left; padding-left: 40px;\"><span style=\"color: #444;\"><strong>Supervisi\u00f3n<\/strong> de proyectos.<\/span><\/h3>\n<h3 style=\"text-align: left; padding-left: 40px;\"><span style=\"color: #444;\"><strong>Dise\u00f1o<\/strong> de workflow de postproducci\u00f3n.<\/span><\/h3>\n<h3 style=\"text-align: left; padding-left: 40px;\"><span style=\"color: #444;\"><strong>Seguimiento<\/strong> de calendario y deadlines.<\/span><\/h3>\n<h3 style=\"text-align: left; padding-left: 40px;\"><span style=\"color: #444;\"><strong>Control<\/strong> de costes.<\/span><\/h3>\n<h3 style=\"text-align: left; padding-left: 40px;\"><span style=\"color: #444;\"><strong>Bond<\/strong> completion. Garant\u00eda en presupuesto y calendario de trabajo.<\/span><\/h3>\n<h3 style=\"text-align: left; padding-left: 40px;\"><span style=\"color: #444;\"><strong>Creaci\u00f3n<\/strong> de equipos de trabajo freelance.<\/span><\/h3>\n<h3 style=\"text-align: left; padding-left: 40px;\"><span style=\"color: #444;\"><strong>Control de materiales <\/strong>finales para emisi\u00f3n y distribuci\u00f3n.<\/span><\/h3>\n[\/vc_column_text][\/vc_column_inner][\/vc_row_inner][\/vc_column][\/vc_row][vc_row type=\u00bbin_container\u00bb full_screen_row_position=\u00bbmiddle\u00bb scene_position=\u00bbcenter\u00bb text_color=\u00bbdark\u00bb text_align=\u00bbleft\u00bb overlay_strength=\u00bb0.3&#8243;][vc_column column_padding=\u00bbno-extra-padding\u00bb column_padding_position=\u00bball\u00bb background_color_opacity=\u00bb1&#8243; background_hover_color_opacity=\u00bb1&#8243; width=\u00bb1\/1&#8243; tablet_text_alignment=\u00bbdefault\u00bb phone_text_alignment=\u00bbdefault\u00bb][vc_column_text]\n[\/vc_column_text][\/vc_column][\/vc_row][vc_row type=\u00bbfull_width_background\u00bb full_screen_row_position=\u00bbmiddle\u00bb bg_color=\u00bb#00a7a8&#8243; scene_position=\u00bbcenter\u00bb text_color=\u00bblight\u00bb text_align=\u00bbcenter\u00bb top_padding=\u00bb10&#8243; bottom_padding=\u00bb10&#8243; overlay_strength=\u00bb0.3&#8243;][vc_column centered_text=\u00bbtrue\u00bb column_padding=\u00bbno-extra-padding\u00bb column_padding_position=\u00bball\u00bb background_color=\u00bb#00a7a8&#8243; background_color_opacity=\u00bb1&#8243; background_hover_color_opacity=\u00bb1&#8243; width=\u00bb1\/4&#8243; tablet_text_alignment=\u00bbdefault\u00bb phone_text_alignment=\u00bbdefault\u00bb][\/vc_column][vc_column column_padding=\u00bbno-extra-padding\u00bb column_padding_position=\u00bball\u00bb background_color=\u00bb#00a7a8&#8243; background_color_opacity=\u00bb1&#8243; background_hover_color_opacity=\u00bb1&#8243; width=\u00bb1\/2&#8243; tablet_text_alignment=\u00bbdefault\u00bb phone_text_alignment=\u00bbdefault\u00bb][vc_column_text]<img loading=\"lazy\" decoding=\"async\" class=\"size-medium wp-image-2979 aligncenter\" src=\"https:\/\/freeyourpost.com\/subdomain\/wp-content\/uploads\/2014\/05\/logo-freeyourpost-blanco-600px-300x72.png\" alt=\"logo-freeyourpost-blanco-600px\" width=\"300\" height=\"72\" srcset=\"https:\/\/freeyourpost.com\/subdomain\/wp-content\/uploads\/2014\/05\/logo-freeyourpost-blanco-600px-300x72.png 300w, https:\/\/freeyourpost.com\/subdomain\/wp-content\/uploads\/2014\/05\/logo-freeyourpost-blanco-600px.png 600w\" sizes=\"(max-width: 300px) 100vw, 300px\" \/>[\/vc_column_text][vc_column_text]\n<h5><span style=\"color: #ffffff;\"><a style=\"color: #ffffff;\" href=\"http:\/\/freeyourpost.com\/politica-de-coockies\/\">Politica de coockies |<\/a> <a style=\"color: #ffffff;\" href=\"http:\/\/freeyourpost.com\/politica-de-privacidad\/\"> Politica de privacidad |<\/a> <a style=\"color: #ffffff;\" href=\"http:\/\/freeyourpost.com\/condiciones-de-uso\/\"> Condiciones de uso<\/a><\/span><\/h5>\n[\/vc_column_text][\/vc_column][vc_column column_padding=\u00bbno-extra-padding\u00bb column_padding_position=\u00bball\u00bb background_color=\u00bb#00a7a8&#8243; background_color_opacity=\u00bb1&#8243; background_hover_color_opacity=\u00bb1&#8243; width=\u00bb1\/4&#8243; tablet_text_alignment=\u00bbdefault\u00bb phone_text_alignment=\u00bbdefault\u00bb][\/vc_column][\/vc_row][vc_row type=\u00bbfull_width_background\u00bb full_screen_row_position=\u00bbmiddle\u00bb scene_position=\u00bbcenter\u00bb text_color=\u00bbdark\u00bb text_align=\u00bbleft\u00bb overlay_strength=\u00bb0.3&#8243;][vc_column column_padding=\u00bbno-extra-padding\u00bb column_padding_position=\u00bball\u00bb background_color_opacity=\u00bb1&#8243; background_hover_color_opacity=\u00bb1&#8243; width=\u00bb1\/1&#8243; tablet_text_alignment=\u00bbdefault\u00bb phone_text_alignment=\u00bbdefault\u00bb][vc_raw_js]JTNDc2NyaXB0JTIwdHlwZSUzRCUyMnRleHQlMkZqYXZhc2NyaXB0JTIyJTNFJTIwX2xpbmtlZGluX2RhdGFfcGFydG5lcl9pZCUyMCUzRCUyMCUyMjQ3MzYxJTIyJTNCJTIwJTNDJTJGc2NyaXB0JTNFJTNDc2NyaXB0JTIwdHlwZSUzRCUyMnRleHQlMkZqYXZhc2NyaXB0JTIyJTNFJTIwJTI4ZnVuY3Rpb24lMjglMjklN0J2YXIlMjBzJTIwJTNEJTIwZG9jdW1lbnQuZ2V0RWxlbWVudHNCeVRhZ05hbWUlMjglMjJzY3JpcHQlMjIlMjklNUIwJTVEJTNCJTIwdmFyJTIwYiUyMCUzRCUyMGRvY3VtZW50LmNyZWF0ZUVsZW1lbnQlMjglMjJzY3JpcHQlMjIlMjklM0IlMjBiLnR5cGUlMjAlM0QlMjAlMjJ0ZXh0JTJGamF2YXNjcmlwdCUyMiUzQmIuYXN5bmMlMjAlM0QlMjB0cnVlJTNCJTIwYi5zcmMlMjAlM0QlMjAlMjJodHRwcyUzQSUyRiUyRnNuYXAubGljZG4uY29tJTJGbGkubG1zLWFuYWx5dGljcyUyRmluc2lnaHQubWluLmpzJTIyJTNCJTIwcy5wYXJlbnROb2RlLmluc2VydEJlZm9yZSUyOGIlMkMlMjBzJTI5JTNCJTdEJTI5JTI4JTI5JTNCJTIwJTNDJTJGc2NyaXB0JTNFJTIwJTNDbm9zY3JpcHQlM0UlMjAlM0NpbWclMjBoZWlnaHQlM0QlMjIxJTIyJTIwd2lkdGglM0QlMjIxJTIyJTIwc3R5bGUlM0QlMjJkaXNwbGF5JTNBbm9uZSUzQiUyMiUyMGFsdCUzRCUyMiUyMiUyMHNyYyUzRCUyMmh0dHBzJTNBJTJGJTJGZGMuYWRzLmxpbmtlZGluLmNvbSUyRmNvbGxlY3QlMkYlM0ZwaWQlM0Q0NzM2MSUyNmZtdCUzRGdpZiUyMiUyMCUyRiUzRSUyMCUzQyUyRm5vc2NyaXB0JTNF[\/vc_raw_js][\/vc_column][\/vc_row]\n","protected":false},"excerpt":{"rendered":"<p>[vc_row type=\u00bbfull_width_content\u00bb full_screen_row_position=\u00bbmiddle\u00bb equal_height=\u00bbyes\u00bb content_placement=\u00bbmiddle\u00bb bg_image=\u00bb3359&#8243; bg_position=\u00bbleft top\u00bb bg_repeat=\u00bbno-repeat\u00bb bg_color=\u00bb#00a7a8&#8243; scene_position=\u00bbcenter\u00bb text_color=\u00bblight\u00bb text_align=\u00bbcenter\u00bb top_padding=\u00bb0&#8243; bottom_padding=\u00bb0&#8243; overlay_strength=\u00bb0.3&#8243;][vc_column column_padding=\u00bbpadding-4-percent\u00bb column_padding_position=\u00bball\u00bb background_color=\u00bb#ffffff\u00bb background_color_opacity=\u00bb1&#8243; background_hover_color_opacity=\u00bb1&#8243; width=\u00bb1\/2&#8243; tablet_text_alignment=\u00bbdefault\u00bb phone_text_alignment=\u00bbdefault\u00bb][vc_row_inner equal_height=\u00bbyes\u00bb text_align=\u00bbleft\u00bb][vc_column_inner column_padding=\u00bbno-extra-padding\u00bb column_padding_position=\u00bball\u00bb background_color_opacity=\u00bb1&#8243; width=\u00bb1\/1&#8243;][vc_column_text]&#8230;<\/p>\n","protected":false},"author":9,"featured_media":0,"parent":0,"menu_order":0,"comment_status":"closed","ping_status":"closed","template":"","meta":{"footnotes":""},"yoast_head":"<!-- This site is optimized with the Yoast SEO plugin v23.5 - https:\/\/yoast.com\/wordpress\/plugins\/seo\/ -->\n<title>supervisi\u00f3n | freeyourpost<\/title>\n<meta name=\"robots\" content=\"index, follow, max-snippet:-1, max-image-preview:large, max-video-preview:-1\" \/>\n<link rel=\"canonical\" href=\"https:\/\/freeyourpost.com\/es\/\" \/>\n<meta property=\"og:locale\" content=\"es_ES\" \/>\n<meta property=\"og:type\" content=\"article\" \/>\n<meta property=\"og:title\" content=\"supervisi\u00f3n | freeyourpost\" \/>\n<meta property=\"og:description\" content=\"[vc_row type=\u00bbfull_width_content\u00bb full_screen_row_position=\u00bbmiddle\u00bb equal_height=\u00bbyes\u00bb content_placement=\u00bbmiddle\u00bb bg_image=\u00bb3359&#8243; bg_position=\u00bbleft top\u00bb bg_repeat=\u00bbno-repeat\u00bb bg_color=\u00bb#00a7a8&#8243; scene_position=\u00bbcenter\u00bb text_color=\u00bblight\u00bb text_align=\u00bbcenter\u00bb top_padding=\u00bb0&#8243; bottom_padding=\u00bb0&#8243; overlay_strength=\u00bb0.3&#8243;][vc_column column_padding=\u00bbpadding-4-percent\u00bb column_padding_position=\u00bball\u00bb background_color=\u00bb#ffffff\u00bb background_color_opacity=\u00bb1&#8243; background_hover_color_opacity=\u00bb1&#8243; width=\u00bb1\/2&#8243; tablet_text_alignment=\u00bbdefault\u00bb phone_text_alignment=\u00bbdefault\u00bb][vc_row_inner equal_height=\u00bbyes\u00bb text_align=\u00bbleft\u00bb][vc_column_inner column_padding=\u00bbno-extra-padding\u00bb column_padding_position=\u00bball\u00bb background_color_opacity=\u00bb1&#8243; width=\u00bb1\/1&#8243;][vc_column_text]...\" \/>\n<meta property=\"og:url\" content=\"https:\/\/freeyourpost.com\/es\/\" \/>\n<meta property=\"og:site_name\" content=\"freeyourpost\" \/>\n<meta property=\"article:publisher\" content=\"https:\/\/www.facebook.com\/freeyourpost\/\" \/>\n<meta property=\"article:modified_time\" content=\"2024-03-22T10:29:29+00:00\" \/>\n<meta property=\"og:image\" content=\"https:\/\/freeyourpost.com\/subdomain\/wp-content\/uploads\/2014\/05\/logo-freeyourpost-blanco-600px-300x72.png\" \/>\n<meta name=\"twitter:card\" content=\"summary_large_image\" \/>\n<meta name=\"twitter:site\" content=\"@freeyourpost\" \/>\n<meta name=\"twitter:label1\" content=\"Tiempo de lectura\" \/>\n\t<meta name=\"twitter:data1\" content=\"2 minutos\" \/>\n<script type=\"application\/ld+json\" class=\"yoast-schema-graph\">{\"@context\":\"https:\/\/schema.org\",\"@graph\":[{\"@type\":\"WebPage\",\"@id\":\"https:\/\/freeyourpost.com\/es\/\",\"url\":\"https:\/\/freeyourpost.com\/es\/\",\"name\":\"supervisi\u00f3n | freeyourpost\",\"isPartOf\":{\"@id\":\"http:\/\/freeyourpost.com\/#website\"},\"primaryImageOfPage\":{\"@id\":\"https:\/\/freeyourpost.com\/es\/#primaryimage\"},\"image\":{\"@id\":\"https:\/\/freeyourpost.com\/es\/#primaryimage\"},\"thumbnailUrl\":\"https:\/\/freeyourpost.com\/subdomain\/wp-content\/uploads\/2014\/05\/logo-freeyourpost-blanco-600px-300x72.png\",\"datePublished\":\"2016-10-25T15:44:11+00:00\",\"dateModified\":\"2024-03-22T10:29:29+00:00\",\"breadcrumb\":{\"@id\":\"https:\/\/freeyourpost.com\/es\/#breadcrumb\"},\"inLanguage\":\"es\",\"potentialAction\":[{\"@type\":\"ReadAction\",\"target\":[\"https:\/\/freeyourpost.com\/es\/\"]}]},{\"@type\":\"ImageObject\",\"inLanguage\":\"es\",\"@id\":\"https:\/\/freeyourpost.com\/es\/#primaryimage\",\"url\":\"https:\/\/freeyourpost.com\/subdomain\/wp-content\/uploads\/2014\/05\/logo-freeyourpost-blanco-600px-300x72.png\",\"contentUrl\":\"https:\/\/freeyourpost.com\/subdomain\/wp-content\/uploads\/2014\/05\/logo-freeyourpost-blanco-600px-300x72.png\"},{\"@type\":\"BreadcrumbList\",\"@id\":\"https:\/\/freeyourpost.com\/es\/#breadcrumb\",\"itemListElement\":[{\"@type\":\"ListItem\",\"position\":1,\"name\":\"Home\",\"item\":\"https:\/\/freeyourpost.com\/es\/\"},{\"@type\":\"ListItem\",\"position\":2,\"name\":\"supervisi\u00f3n\"}]},{\"@type\":\"WebSite\",\"@id\":\"http:\/\/freeyourpost.com\/#website\",\"url\":\"http:\/\/freeyourpost.com\/\",\"name\":\"freeyourpost\",\"description\":\"post production management agency\",\"publisher\":{\"@id\":\"http:\/\/freeyourpost.com\/#organization\"},\"potentialAction\":[{\"@type\":\"SearchAction\",\"target\":{\"@type\":\"EntryPoint\",\"urlTemplate\":\"http:\/\/freeyourpost.com\/?s={search_term_string}\"},\"query-input\":{\"@type\":\"PropertyValueSpecification\",\"valueRequired\":true,\"valueName\":\"search_term_string\"}}],\"inLanguage\":\"es\"},{\"@type\":\"Organization\",\"@id\":\"http:\/\/freeyourpost.com\/#organization\",\"name\":\"Freeyourpost\",\"url\":\"http:\/\/freeyourpost.com\/\",\"logo\":{\"@type\":\"ImageObject\",\"inLanguage\":\"es\",\"@id\":\"http:\/\/freeyourpost.com\/#\/schema\/logo\/image\/\",\"url\":\"https:\/\/freeyourpost.com\/subdomain\/wp-content\/uploads\/2014\/05\/LogoFreeyourpost.png\",\"contentUrl\":\"https:\/\/freeyourpost.com\/subdomain\/wp-content\/uploads\/2014\/05\/LogoFreeyourpost.png\",\"width\":2100,\"height\":732,\"caption\":\"Freeyourpost\"},\"image\":{\"@id\":\"http:\/\/freeyourpost.com\/#\/schema\/logo\/image\/\"},\"sameAs\":[\"https:\/\/www.facebook.com\/freeyourpost\/\",\"https:\/\/x.com\/freeyourpost\",\"https:\/\/www.instagram.com\/freeyourpost\/\",\"https:\/\/es.linkedin.com\/company\/fypost\"]}]}<\/script>\n<!-- \/ Yoast SEO plugin. -->","yoast_head_json":{"title":"supervisi\u00f3n | freeyourpost","robots":{"index":"index","follow":"follow","max-snippet":"max-snippet:-1","max-image-preview":"max-image-preview:large","max-video-preview":"max-video-preview:-1"},"canonical":"https:\/\/freeyourpost.com\/es\/","og_locale":"es_ES","og_type":"article","og_title":"supervisi\u00f3n | freeyourpost","og_description":"[vc_row type=\u00bbfull_width_content\u00bb full_screen_row_position=\u00bbmiddle\u00bb equal_height=\u00bbyes\u00bb content_placement=\u00bbmiddle\u00bb bg_image=\u00bb3359&#8243; bg_position=\u00bbleft top\u00bb bg_repeat=\u00bbno-repeat\u00bb bg_color=\u00bb#00a7a8&#8243; scene_position=\u00bbcenter\u00bb text_color=\u00bblight\u00bb text_align=\u00bbcenter\u00bb top_padding=\u00bb0&#8243; bottom_padding=\u00bb0&#8243; overlay_strength=\u00bb0.3&#8243;][vc_column column_padding=\u00bbpadding-4-percent\u00bb column_padding_position=\u00bball\u00bb background_color=\u00bb#ffffff\u00bb background_color_opacity=\u00bb1&#8243; background_hover_color_opacity=\u00bb1&#8243; width=\u00bb1\/2&#8243; tablet_text_alignment=\u00bbdefault\u00bb phone_text_alignment=\u00bbdefault\u00bb][vc_row_inner equal_height=\u00bbyes\u00bb text_align=\u00bbleft\u00bb][vc_column_inner column_padding=\u00bbno-extra-padding\u00bb column_padding_position=\u00bball\u00bb background_color_opacity=\u00bb1&#8243; width=\u00bb1\/1&#8243;][vc_column_text]...","og_url":"https:\/\/freeyourpost.com\/es\/","og_site_name":"freeyourpost","article_publisher":"https:\/\/www.facebook.com\/freeyourpost\/","article_modified_time":"2024-03-22T10:29:29+00:00","og_image":[{"url":"https:\/\/freeyourpost.com\/subdomain\/wp-content\/uploads\/2014\/05\/logo-freeyourpost-blanco-600px-300x72.png"}],"twitter_card":"summary_large_image","twitter_site":"@freeyourpost","twitter_misc":{"Tiempo de lectura":"2 minutos"},"schema":{"@context":"https:\/\/schema.org","@graph":[{"@type":"WebPage","@id":"https:\/\/freeyourpost.com\/es\/","url":"https:\/\/freeyourpost.com\/es\/","name":"supervisi\u00f3n | freeyourpost","isPartOf":{"@id":"http:\/\/freeyourpost.com\/#website"},"primaryImageOfPage":{"@id":"https:\/\/freeyourpost.com\/es\/#primaryimage"},"image":{"@id":"https:\/\/freeyourpost.com\/es\/#primaryimage"},"thumbnailUrl":"https:\/\/freeyourpost.com\/subdomain\/wp-content\/uploads\/2014\/05\/logo-freeyourpost-blanco-600px-300x72.png","datePublished":"2016-10-25T15:44:11+00:00","dateModified":"2024-03-22T10:29:29+00:00","breadcrumb":{"@id":"https:\/\/freeyourpost.com\/es\/#breadcrumb"},"inLanguage":"es","potentialAction":[{"@type":"ReadAction","target":["https:\/\/freeyourpost.com\/es\/"]}]},{"@type":"ImageObject","inLanguage":"es","@id":"https:\/\/freeyourpost.com\/es\/#primaryimage","url":"https:\/\/freeyourpost.com\/subdomain\/wp-content\/uploads\/2014\/05\/logo-freeyourpost-blanco-600px-300x72.png","contentUrl":"https:\/\/freeyourpost.com\/subdomain\/wp-content\/uploads\/2014\/05\/logo-freeyourpost-blanco-600px-300x72.png"},{"@type":"BreadcrumbList","@id":"https:\/\/freeyourpost.com\/es\/#breadcrumb","itemListElement":[{"@type":"ListItem","position":1,"name":"Home","item":"https:\/\/freeyourpost.com\/es\/"},{"@type":"ListItem","position":2,"name":"supervisi\u00f3n"}]},{"@type":"WebSite","@id":"http:\/\/freeyourpost.com\/#website","url":"http:\/\/freeyourpost.com\/","name":"freeyourpost","description":"post production management agency","publisher":{"@id":"http:\/\/freeyourpost.com\/#organization"},"potentialAction":[{"@type":"SearchAction","target":{"@type":"EntryPoint","urlTemplate":"http:\/\/freeyourpost.com\/?s={search_term_string}"},"query-input":{"@type":"PropertyValueSpecification","valueRequired":true,"valueName":"search_term_string"}}],"inLanguage":"es"},{"@type":"Organization","@id":"http:\/\/freeyourpost.com\/#organization","name":"Freeyourpost","url":"http:\/\/freeyourpost.com\/","logo":{"@type":"ImageObject","inLanguage":"es","@id":"http:\/\/freeyourpost.com\/#\/schema\/logo\/image\/","url":"https:\/\/freeyourpost.com\/subdomain\/wp-content\/uploads\/2014\/05\/LogoFreeyourpost.png","contentUrl":"https:\/\/freeyourpost.com\/subdomain\/wp-content\/uploads\/2014\/05\/LogoFreeyourpost.png","width":2100,"height":732,"caption":"Freeyourpost"},"image":{"@id":"http:\/\/freeyourpost.com\/#\/schema\/logo\/image\/"},"sameAs":["https:\/\/www.facebook.com\/freeyourpost\/","https:\/\/x.com\/freeyourpost","https:\/\/www.instagram.com\/freeyourpost\/","https:\/\/es.linkedin.com\/company\/fypost"]}]}},"_links":{"self":[{"href":"https:\/\/freeyourpost.com\/es\/wp-json\/wp\/v2\/pages\/2888"}],"collection":[{"href":"https:\/\/freeyourpost.com\/es\/wp-json\/wp\/v2\/pages"}],"about":[{"href":"https:\/\/freeyourpost.com\/es\/wp-json\/wp\/v2\/types\/page"}],"author":[{"embeddable":true,"href":"https:\/\/freeyourpost.com\/es\/wp-json\/wp\/v2\/users\/9"}],"replies":[{"embeddable":true,"href":"https:\/\/freeyourpost.com\/es\/wp-json\/wp\/v2\/comments?post=2888"}],"version-history":[{"count":95,"href":"https:\/\/freeyourpost.com\/es\/wp-json\/wp\/v2\/pages\/2888\/revisions"}],"predecessor-version":[{"id":7931,"href":"https:\/\/freeyourpost.com\/es\/wp-json\/wp\/v2\/pages\/2888\/revisions\/7931"}],"wp:attachment":[{"href":"https:\/\/freeyourpost.com\/es\/wp-json\/wp\/v2\/media?parent=2888"}],"curies":[{"name":"wp","href":"https:\/\/api.w.org\/{rel}","templated":true}]}}