{"id":2889,"date":"2016-10-25T16:49:56","date_gmt":"2016-10-25T16:49:56","guid":{"rendered":"https:\/\/freeyourpost.com\/es\/servicing\/"},"modified":"2019-09-26T09:20:38","modified_gmt":"2019-09-26T08:20:38","slug":"servicing","status":"publish","type":"page","link":"https:\/\/freeyourpost.com\/es\/servicing\/","title":{"rendered":"servicing"},"content":{"rendered":"[vc_row type=\u00bbfull_width_content\u00bb full_screen_row_position=\u00bbmiddle\u00bb equal_height=\u00bbyes\u00bb content_placement=\u00bbmiddle\u00bb scene_position=\u00bbcenter\u00bb text_color=\u00bbcustom\u00bb custom_text_color=\u00bb#585858&#8243; text_align=\u00bbleft\u00bb top_padding=\u00bb0&#8243; bottom_padding=\u00bb0&#8243; overlay_strength=\u00bb0.3&#8243;][vc_column centered_text=\u00bbtrue\u00bb column_padding=\u00bbpadding-3-percent\u00bb column_padding_position=\u00bbtop-bottom\u00bb background_color=\u00bb#00a7a8&#8243; background_color_opacity=\u00bb1&#8243; background_hover_color_opacity=\u00bb1&#8243; width=\u00bb1\/2&#8243; tablet_text_alignment=\u00bbdefault\u00bb phone_text_alignment=\u00bbdefault\u00bb][vc_row_inner text_align=\u00bbleft\u00bb][vc_column_inner column_padding=\u00bbpadding-5-percent\u00bb column_padding_position=\u00bbleft-right\u00bb background_color_opacity=\u00bb1&#8243; width=\u00bb1\/1&#8243;][vc_column_text]\n<h1 style=\"text-align: center;\"><span style=\"color: #ffffff;\"><strong>SERVICING<\/strong><\/span><\/h1>\n<h4 style=\"text-align: left;\"><span style=\"color: #ffffff;\">&nbsp;<\/span><\/h4>\n<h3 style=\"text-align: left;\"><span style=\"color: #ffffff;\">Somos&nbsp;especialistas en servicing&nbsp;para la&nbsp;distribuci\u00f3n nacional e internacional de pel\u00edculas cinematogr\u00e1ficas y series para televisi\u00f3n.<\/span><\/h3>\n<h3 style=\"text-align: left;\"><span style=\"color: #ffffff;\">Gestionamos&nbsp;deliveries&nbsp;en tiempo y presupuesto&nbsp;para todo tipo de plataformas, trabajando con los&nbsp;materiales desde producci\u00f3n para productores, broadcasters, agentes de ventas y distribuidores a nivel nacional e internacional.<\/span><\/h3>\n<h3 style=\"text-align: left;\"><span style=\"color: #ffffff;\">Tenemos un profundo conocimiento dentro del \u00e1rea de postproducci\u00f3n que garantiza el \u00e9xito y la satisfacci\u00f3n de nuestros clientes.<\/span><\/h3>\n[\/vc_column_text][\/vc_column_inner][\/vc_row_inner][\/vc_column][vc_column centered_text=\u00bbtrue\u00bb column_padding=\u00bbno-extra-padding\u00bb column_padding_position=\u00bball\u00bb background_color_opacity=\u00bb1&#8243; background_hover_color_opacity=\u00bb1&#8243; width=\u00bb1\/2&#8243; tablet_text_alignment=\u00bbdefault\u00bb phone_text_alignment=\u00bbdefault\u00bb]<div class=\"img-with-aniamtion-wrap center\" data-max-width=\"100%\"><div class=\"inner\"><img decoding=\"async\" data-shadow=\"none\" data-shadow-direction=\"middle\" class=\"img-with-animation \" data-delay=\"0\" height=\"100%\" width=\"100%\" data-animation=\"fade-in\" src=\"https:\/\/freeyourpost.com\/subdomain\/wp-content\/uploads\/2016\/10\/Moonlight-Sala-Color-Exhibicion-1024x681-1.jpg\" alt=\"\" \/><\/div><\/div>[\/vc_column][\/vc_row][vc_row type=\u00bbfull_width_content\u00bb full_screen_row_position=\u00bbmiddle\u00bb equal_height=\u00bbyes\u00bb content_placement=\u00bbmiddle\u00bb scene_position=\u00bbcenter\u00bb text_color=\u00bbdark\u00bb text_align=\u00bbleft\u00bb overlay_strength=\u00bb0.3&#8243;][vc_column enable_animation=\u00bbtrue\u00bb animation=\u00bbfade-in-from-left\u00bb centered_text=\u00bbtrue\u00bb column_padding=\u00bbno-extra-padding\u00bb column_padding_position=\u00bball\u00bb background_color_opacity=\u00bb1&#8243; background_hover_color_opacity=\u00bb1&#8243; width=\u00bb1\/2&#8243; tablet_text_alignment=\u00bbdefault\u00bb phone_text_alignment=\u00bbdefault\u00bb]<div class=\"img-with-aniamtion-wrap center\" data-max-width=\"125%\"><div class=\"inner\"><img decoding=\"async\" data-shadow=\"none\" data-shadow-direction=\"middle\" class=\"img-with-animation \" data-delay=\"0\" height=\"100%\" width=\"100%\" data-animation=\"none\" src=\"https:\/\/freeyourpost.com\/subdomain\/wp-content\/uploads\/2017\/02\/freeyourpost-disc3-1300px.jpg\" alt=\"\" \/><\/div><\/div>[\/vc_column][vc_column column_padding=\u00bbpadding-3-percent\u00bb column_padding_position=\u00bbtop-bottom\u00bb background_color=\u00bb#ffffff\u00bb background_color_opacity=\u00bb1&#8243; background_hover_color_opacity=\u00bb1&#8243; width=\u00bb1\/2&#8243; tablet_text_alignment=\u00bbdefault\u00bb phone_text_alignment=\u00bbdefault\u00bb][vc_row_inner text_align=\u00bbleft\u00bb][vc_column_inner column_padding=\u00bbpadding-6-percent\u00bb column_padding_position=\u00bbleft-right\u00bb background_color_opacity=\u00bb1&#8243; width=\u00bb1\/1&#8243;][vc_column_text]\n<h2>DIGITAL CINEMA SERVICES<\/h2>\n<h3><strong>Ficheros digitales.<\/strong>&nbsp;Servicio de codificaci\u00f3n y subida a plataformas digitales y broadcasters.<\/h3>\n<h3><strong>Control de calidad.<\/strong> Revisi\u00f3n y QC de ficheros digitales, videotapes y DCP\u2019s.<\/h3>\n<h3><strong>DCP.<\/strong> Creaci\u00f3n de Digital Cinema Package y gesti\u00f3n de KDM\u2019s.<\/h3>\n<h3><strong>Autor\u00eda Blu-ray.<\/strong> Dise\u00f1o personalizado de men\u00fas y programaci\u00f3n de DVD&amp;Blu-ray.<\/h3>\n<h3><strong> Traducciones, subtitulado y audiodescripci\u00f3n.<\/strong>&nbsp;Para todos los idiomas.<\/h3>\n<h3><strong>Servicio Aspera.<\/strong> Protocolo de transferencia de grandes ficheros en&nbsp;alta velocidad.<\/h3>\n<h3><strong>Delivery legal.<\/strong> Elaboraci\u00f3n de documentaci\u00f3n y revisi\u00f3n de contratos con productores, distribuidores y televisiones.<\/h3>\n[\/vc_column_text][\/vc_column_inner][\/vc_row_inner][\/vc_column][\/vc_row][vc_row type=\u00bbfull_width_background\u00bb full_screen_row_position=\u00bbmiddle\u00bb bg_color=\u00bb#00a7a8&#8243; scene_position=\u00bbcenter\u00bb text_color=\u00bbdark\u00bb text_align=\u00bbleft\u00bb top_padding=\u00bb10&#8243; bottom_padding=\u00bb10&#8243; overlay_strength=\u00bb0.3&#8243;][vc_column column_padding=\u00bbno-extra-padding\u00bb column_padding_position=\u00bball\u00bb background_color_opacity=\u00bb1&#8243; background_hover_color_opacity=\u00bb1&#8243; width=\u00bb1\/4&#8243; tablet_text_alignment=\u00bbdefault\u00bb phone_text_alignment=\u00bbdefault\u00bb][\/vc_column][vc_column centered_text=\u00bbtrue\u00bb column_padding=\u00bbno-extra-padding\u00bb column_padding_position=\u00bball\u00bb background_color_opacity=\u00bb1&#8243; background_hover_color_opacity=\u00bb1&#8243; width=\u00bb2\/4&#8243; tablet_text_alignment=\u00bbdefault\u00bb phone_text_alignment=\u00bbdefault\u00bb][vc_column_text]<img loading=\"lazy\" decoding=\"async\" class=\"size-medium wp-image-2979 aligncenter\" src=\"https:\/\/freeyourpost.com\/subdomain\/wp-content\/uploads\/2014\/05\/logo-freeyourpost-blanco-600px-300x72.png\" alt=\"logo-freeyourpost-blanco-600px\" width=\"300\" height=\"72\" srcset=\"https:\/\/freeyourpost.com\/subdomain\/wp-content\/uploads\/2014\/05\/logo-freeyourpost-blanco-600px-300x72.png 300w, https:\/\/freeyourpost.com\/subdomain\/wp-content\/uploads\/2014\/05\/logo-freeyourpost-blanco-600px.png 600w\" sizes=\"(max-width: 300px) 100vw, 300px\" \/>[\/vc_column_text][vc_column_text]\n<h5><span style=\"color: #ffffff;\"><a style=\"color: #ffffff;\" href=\"http:\/\/freeyourpost.com\/politica-de-coockies\/\">Politica de coockies |<\/a> <a style=\"color: #ffffff;\" href=\"http:\/\/freeyourpost.com\/politica-de-privacidad\/\"> Politica de privacidad |<\/a> <a style=\"color: #ffffff;\" href=\"http:\/\/freeyourpost.com\/condiciones-de-uso\/\"> Condiciones de uso<\/a><\/span><\/h5>\n[\/vc_column_text][\/vc_column][vc_column column_padding=\u00bbno-extra-padding\u00bb column_padding_position=\u00bball\u00bb background_color_opacity=\u00bb1&#8243; background_hover_color_opacity=\u00bb1&#8243; width=\u00bb1\/4&#8243; tablet_text_alignment=\u00bbdefault\u00bb phone_text_alignment=\u00bbdefault\u00bb][\/vc_column][\/vc_row][vc_row type=\u00bbfull_width_background\u00bb full_screen_row_position=\u00bbmiddle\u00bb scene_position=\u00bbcenter\u00bb text_color=\u00bbdark\u00bb text_align=\u00bbleft\u00bb overlay_strength=\u00bb0.3&#8243;][vc_column column_padding=\u00bbno-extra-padding\u00bb column_padding_position=\u00bball\u00bb background_color_opacity=\u00bb1&#8243; background_hover_color_opacity=\u00bb1&#8243; width=\u00bb1\/1&#8243; tablet_text_alignment=\u00bbdefault\u00bb phone_text_alignment=\u00bbdefault\u00bb][vc_raw_js]JTA5JTBBJTNDc2NyaXB0JTIwdHlwZSUzRCUyMnRleHQlMkZqYXZhc2NyaXB0JTIyJTNFJTIwX2xpbmtlZGluX2RhdGFfcGFydG5lcl9pZCUyMCUzRCUyMCUyMjQ3MzYxJTIyJTNCJTIwJTNDJTJGc2NyaXB0JTNFJTNDc2NyaXB0JTIwdHlwZSUzRCUyMnRleHQlMkZqYXZhc2NyaXB0JTIyJTNFJTIwJTI4ZnVuY3Rpb24lMjglMjklN0J2YXIlMjBzJTIwJTNEJTIwZG9jdW1lbnQuZ2V0RWxlbWVudHNCeVRhZ05hbWUlMjglMjJzY3JpcHQlMjIlMjklNUIwJTVEJTNCJTIwdmFyJTIwYiUyMCUzRCUyMGRvY3VtZW50LmNyZWF0ZUVsZW1lbnQlMjglMjJzY3JpcHQlMjIlMjklM0IlMjBiLnR5cGUlMjAlM0QlMjAlMjJ0ZXh0JTJGamF2YXNjcmlwdCUyMiUzQmIuYXN5bmMlMjAlM0QlMjB0cnVlJTNCJTIwYi5zcmMlMjAlM0QlMjAlMjJodHRwcyUzQSUyRiUyRnNuYXAubGljZG4uY29tJTJGbGkubG1zLWFuYWx5dGljcyUyRmluc2lnaHQubWluLmpzJTIyJTNCJTIwcy5wYXJlbnROb2RlLmluc2VydEJlZm9yZSUyOGIlMkMlMjBzJTI5JTNCJTdEJTI5JTI4JTI5JTNCJTIwJTNDJTJGc2NyaXB0JTNFJTIwJTNDbm9zY3JpcHQlM0UlMjAlM0NpbWclMjBoZWlnaHQlM0QlMjIxJTIyJTIwd2lkdGglM0QlMjIxJTIyJTIwc3R5bGUlM0QlMjJkaXNwbGF5JTNBbm9uZSUzQiUyMiUyMGFsdCUzRCUyMiUyMiUyMHNyYyUzRCUyMmh0dHBzJTNBJTJGJTJGZGMuYWRzLmxpbmtlZGluLmNvbSUyRmNvbGxlY3QlMkYlM0ZwaWQlM0Q0NzM2MSUyNmZtdCUzRGdpZiUyMiUyMCUyRiUzRSUyMCUzQyUyRm5vc2NyaXB0JTNF[\/vc_raw_js][\/vc_column][\/vc_row]\n","protected":false},"excerpt":{"rendered":"<p>[vc_row type=\u00bbfull_width_content\u00bb full_screen_row_position=\u00bbmiddle\u00bb equal_height=\u00bbyes\u00bb content_placement=\u00bbmiddle\u00bb scene_position=\u00bbcenter\u00bb text_color=\u00bbcustom\u00bb custom_text_color=\u00bb#585858&#8243; text_align=\u00bbleft\u00bb top_padding=\u00bb0&#8243; bottom_padding=\u00bb0&#8243; overlay_strength=\u00bb0.3&#8243;][vc_column centered_text=\u00bbtrue\u00bb column_padding=\u00bbpadding-3-percent\u00bb column_padding_position=\u00bbtop-bottom\u00bb background_color=\u00bb#00a7a8&#8243; background_color_opacity=\u00bb1&#8243; background_hover_color_opacity=\u00bb1&#8243; width=\u00bb1\/2&#8243; tablet_text_alignment=\u00bbdefault\u00bb phone_text_alignment=\u00bbdefault\u00bb][vc_row_inner text_align=\u00bbleft\u00bb][vc_column_inner column_padding=\u00bbpadding-5-percent\u00bb column_padding_position=\u00bbleft-right\u00bb background_color_opacity=\u00bb1&#8243; width=\u00bb1\/1&#8243;][vc_column_text] SERVICING &nbsp; Somos&nbsp;especialistas en&#8230;<\/p>\n","protected":false},"author":9,"featured_media":0,"parent":0,"menu_order":0,"comment_status":"closed","ping_status":"closed","template":"","meta":{"footnotes":""},"yoast_head":"<!-- This site is optimized with the Yoast SEO plugin v23.5 - https:\/\/yoast.com\/wordpress\/plugins\/seo\/ -->\n<title>servicing | freeyourpost<\/title>\n<meta name=\"robots\" content=\"index, follow, max-snippet:-1, max-image-preview:large, max-video-preview:-1\" \/>\n<link rel=\"canonical\" href=\"https:\/\/freeyourpost.com\/es\/servicing\/\" \/>\n<meta property=\"og:locale\" content=\"es_ES\" \/>\n<meta property=\"og:type\" content=\"article\" \/>\n<meta property=\"og:title\" content=\"servicing | freeyourpost\" \/>\n<meta property=\"og:description\" content=\"[vc_row type=\u00bbfull_width_content\u00bb full_screen_row_position=\u00bbmiddle\u00bb equal_height=\u00bbyes\u00bb content_placement=\u00bbmiddle\u00bb scene_position=\u00bbcenter\u00bb text_color=\u00bbcustom\u00bb custom_text_color=\u00bb#585858&#8243; text_align=\u00bbleft\u00bb top_padding=\u00bb0&#8243; bottom_padding=\u00bb0&#8243; overlay_strength=\u00bb0.3&#8243;][vc_column centered_text=\u00bbtrue\u00bb column_padding=\u00bbpadding-3-percent\u00bb column_padding_position=\u00bbtop-bottom\u00bb background_color=\u00bb#00a7a8&#8243; background_color_opacity=\u00bb1&#8243; background_hover_color_opacity=\u00bb1&#8243; width=\u00bb1\/2&#8243; tablet_text_alignment=\u00bbdefault\u00bb phone_text_alignment=\u00bbdefault\u00bb][vc_row_inner text_align=\u00bbleft\u00bb][vc_column_inner column_padding=\u00bbpadding-5-percent\u00bb column_padding_position=\u00bbleft-right\u00bb background_color_opacity=\u00bb1&#8243; width=\u00bb1\/1&#8243;][vc_column_text] SERVICING &nbsp; Somos&nbsp;especialistas en...\" \/>\n<meta property=\"og:url\" content=\"https:\/\/freeyourpost.com\/es\/servicing\/\" \/>\n<meta property=\"og:site_name\" content=\"freeyourpost\" \/>\n<meta property=\"article:publisher\" content=\"https:\/\/www.facebook.com\/freeyourpost\/\" \/>\n<meta property=\"article:modified_time\" content=\"2019-09-26T08:20:38+00:00\" \/>\n<meta property=\"og:image\" content=\"https:\/\/freeyourpost.com\/wp-content\/uploads\/2014\/05\/logo-freeyourpost-blanco-600px-300x72.png\" \/>\n<meta name=\"twitter:card\" content=\"summary_large_image\" \/>\n<meta name=\"twitter:site\" content=\"@freeyourpost\" \/>\n<meta name=\"twitter:label1\" content=\"Tiempo de lectura\" \/>\n\t<meta name=\"twitter:data1\" content=\"4 minutos\" \/>\n<script type=\"application\/ld+json\" class=\"yoast-schema-graph\">{\"@context\":\"https:\/\/schema.org\",\"@graph\":[{\"@type\":\"WebPage\",\"@id\":\"https:\/\/freeyourpost.com\/es\/servicing\/\",\"url\":\"https:\/\/freeyourpost.com\/es\/servicing\/\",\"name\":\"servicing | freeyourpost\",\"isPartOf\":{\"@id\":\"http:\/\/freeyourpost.com\/#website\"},\"primaryImageOfPage\":{\"@id\":\"https:\/\/freeyourpost.com\/es\/servicing\/#primaryimage\"},\"image\":{\"@id\":\"https:\/\/freeyourpost.com\/es\/servicing\/#primaryimage\"},\"thumbnailUrl\":\"https:\/\/freeyourpost.com\/subdomain\/wp-content\/uploads\/2014\/05\/logo-freeyourpost-blanco-600px-300x72.png\",\"datePublished\":\"2016-10-25T16:49:56+00:00\",\"dateModified\":\"2019-09-26T08:20:38+00:00\",\"breadcrumb\":{\"@id\":\"https:\/\/freeyourpost.com\/es\/servicing\/#breadcrumb\"},\"inLanguage\":\"es\",\"potentialAction\":[{\"@type\":\"ReadAction\",\"target\":[\"https:\/\/freeyourpost.com\/es\/servicing\/\"]}]},{\"@type\":\"ImageObject\",\"inLanguage\":\"es\",\"@id\":\"https:\/\/freeyourpost.com\/es\/servicing\/#primaryimage\",\"url\":\"https:\/\/freeyourpost.com\/subdomain\/wp-content\/uploads\/2014\/05\/logo-freeyourpost-blanco-600px-300x72.png\",\"contentUrl\":\"https:\/\/freeyourpost.com\/subdomain\/wp-content\/uploads\/2014\/05\/logo-freeyourpost-blanco-600px-300x72.png\"},{\"@type\":\"BreadcrumbList\",\"@id\":\"https:\/\/freeyourpost.com\/es\/servicing\/#breadcrumb\",\"itemListElement\":[{\"@type\":\"ListItem\",\"position\":1,\"name\":\"Home\",\"item\":\"https:\/\/freeyourpost.com\/es\/\"},{\"@type\":\"ListItem\",\"position\":2,\"name\":\"servicing\"}]},{\"@type\":\"WebSite\",\"@id\":\"http:\/\/freeyourpost.com\/#website\",\"url\":\"http:\/\/freeyourpost.com\/\",\"name\":\"freeyourpost\",\"description\":\"post production management agency\",\"publisher\":{\"@id\":\"http:\/\/freeyourpost.com\/#organization\"},\"potentialAction\":[{\"@type\":\"SearchAction\",\"target\":{\"@type\":\"EntryPoint\",\"urlTemplate\":\"http:\/\/freeyourpost.com\/?s={search_term_string}\"},\"query-input\":{\"@type\":\"PropertyValueSpecification\",\"valueRequired\":true,\"valueName\":\"search_term_string\"}}],\"inLanguage\":\"es\"},{\"@type\":\"Organization\",\"@id\":\"http:\/\/freeyourpost.com\/#organization\",\"name\":\"Freeyourpost\",\"url\":\"http:\/\/freeyourpost.com\/\",\"logo\":{\"@type\":\"ImageObject\",\"inLanguage\":\"es\",\"@id\":\"http:\/\/freeyourpost.com\/#\/schema\/logo\/image\/\",\"url\":\"https:\/\/freeyourpost.com\/subdomain\/wp-content\/uploads\/2014\/05\/LogoFreeyourpost.png\",\"contentUrl\":\"https:\/\/freeyourpost.com\/subdomain\/wp-content\/uploads\/2014\/05\/LogoFreeyourpost.png\",\"width\":2100,\"height\":732,\"caption\":\"Freeyourpost\"},\"image\":{\"@id\":\"http:\/\/freeyourpost.com\/#\/schema\/logo\/image\/\"},\"sameAs\":[\"https:\/\/www.facebook.com\/freeyourpost\/\",\"https:\/\/x.com\/freeyourpost\",\"https:\/\/www.instagram.com\/freeyourpost\/\",\"https:\/\/es.linkedin.com\/company\/fypost\"]}]}<\/script>\n<!-- \/ Yoast SEO plugin. -->","yoast_head_json":{"title":"servicing | freeyourpost","robots":{"index":"index","follow":"follow","max-snippet":"max-snippet:-1","max-image-preview":"max-image-preview:large","max-video-preview":"max-video-preview:-1"},"canonical":"https:\/\/freeyourpost.com\/es\/servicing\/","og_locale":"es_ES","og_type":"article","og_title":"servicing | freeyourpost","og_description":"[vc_row type=\u00bbfull_width_content\u00bb full_screen_row_position=\u00bbmiddle\u00bb equal_height=\u00bbyes\u00bb content_placement=\u00bbmiddle\u00bb scene_position=\u00bbcenter\u00bb text_color=\u00bbcustom\u00bb custom_text_color=\u00bb#585858&#8243; text_align=\u00bbleft\u00bb top_padding=\u00bb0&#8243; bottom_padding=\u00bb0&#8243; overlay_strength=\u00bb0.3&#8243;][vc_column centered_text=\u00bbtrue\u00bb column_padding=\u00bbpadding-3-percent\u00bb column_padding_position=\u00bbtop-bottom\u00bb background_color=\u00bb#00a7a8&#8243; background_color_opacity=\u00bb1&#8243; background_hover_color_opacity=\u00bb1&#8243; width=\u00bb1\/2&#8243; tablet_text_alignment=\u00bbdefault\u00bb phone_text_alignment=\u00bbdefault\u00bb][vc_row_inner text_align=\u00bbleft\u00bb][vc_column_inner column_padding=\u00bbpadding-5-percent\u00bb column_padding_position=\u00bbleft-right\u00bb background_color_opacity=\u00bb1&#8243; width=\u00bb1\/1&#8243;][vc_column_text] SERVICING &nbsp; Somos&nbsp;especialistas en...","og_url":"https:\/\/freeyourpost.com\/es\/servicing\/","og_site_name":"freeyourpost","article_publisher":"https:\/\/www.facebook.com\/freeyourpost\/","article_modified_time":"2019-09-26T08:20:38+00:00","og_image":[{"url":"https:\/\/freeyourpost.com\/wp-content\/uploads\/2014\/05\/logo-freeyourpost-blanco-600px-300x72.png"}],"twitter_card":"summary_large_image","twitter_site":"@freeyourpost","twitter_misc":{"Tiempo de lectura":"4 minutos"},"schema":{"@context":"https:\/\/schema.org","@graph":[{"@type":"WebPage","@id":"https:\/\/freeyourpost.com\/es\/servicing\/","url":"https:\/\/freeyourpost.com\/es\/servicing\/","name":"servicing | freeyourpost","isPartOf":{"@id":"http:\/\/freeyourpost.com\/#website"},"primaryImageOfPage":{"@id":"https:\/\/freeyourpost.com\/es\/servicing\/#primaryimage"},"image":{"@id":"https:\/\/freeyourpost.com\/es\/servicing\/#primaryimage"},"thumbnailUrl":"https:\/\/freeyourpost.com\/subdomain\/wp-content\/uploads\/2014\/05\/logo-freeyourpost-blanco-600px-300x72.png","datePublished":"2016-10-25T16:49:56+00:00","dateModified":"2019-09-26T08:20:38+00:00","breadcrumb":{"@id":"https:\/\/freeyourpost.com\/es\/servicing\/#breadcrumb"},"inLanguage":"es","potentialAction":[{"@type":"ReadAction","target":["https:\/\/freeyourpost.com\/es\/servicing\/"]}]},{"@type":"ImageObject","inLanguage":"es","@id":"https:\/\/freeyourpost.com\/es\/servicing\/#primaryimage","url":"https:\/\/freeyourpost.com\/subdomain\/wp-content\/uploads\/2014\/05\/logo-freeyourpost-blanco-600px-300x72.png","contentUrl":"https:\/\/freeyourpost.com\/subdomain\/wp-content\/uploads\/2014\/05\/logo-freeyourpost-blanco-600px-300x72.png"},{"@type":"BreadcrumbList","@id":"https:\/\/freeyourpost.com\/es\/servicing\/#breadcrumb","itemListElement":[{"@type":"ListItem","position":1,"name":"Home","item":"https:\/\/freeyourpost.com\/es\/"},{"@type":"ListItem","position":2,"name":"servicing"}]},{"@type":"WebSite","@id":"http:\/\/freeyourpost.com\/#website","url":"http:\/\/freeyourpost.com\/","name":"freeyourpost","description":"post production management agency","publisher":{"@id":"http:\/\/freeyourpost.com\/#organization"},"potentialAction":[{"@type":"SearchAction","target":{"@type":"EntryPoint","urlTemplate":"http:\/\/freeyourpost.com\/?s={search_term_string}"},"query-input":{"@type":"PropertyValueSpecification","valueRequired":true,"valueName":"search_term_string"}}],"inLanguage":"es"},{"@type":"Organization","@id":"http:\/\/freeyourpost.com\/#organization","name":"Freeyourpost","url":"http:\/\/freeyourpost.com\/","logo":{"@type":"ImageObject","inLanguage":"es","@id":"http:\/\/freeyourpost.com\/#\/schema\/logo\/image\/","url":"https:\/\/freeyourpost.com\/subdomain\/wp-content\/uploads\/2014\/05\/LogoFreeyourpost.png","contentUrl":"https:\/\/freeyourpost.com\/subdomain\/wp-content\/uploads\/2014\/05\/LogoFreeyourpost.png","width":2100,"height":732,"caption":"Freeyourpost"},"image":{"@id":"http:\/\/freeyourpost.com\/#\/schema\/logo\/image\/"},"sameAs":["https:\/\/www.facebook.com\/freeyourpost\/","https:\/\/x.com\/freeyourpost","https:\/\/www.instagram.com\/freeyourpost\/","https:\/\/es.linkedin.com\/company\/fypost"]}]}},"_links":{"self":[{"href":"https:\/\/freeyourpost.com\/es\/wp-json\/wp\/v2\/pages\/2889"}],"collection":[{"href":"https:\/\/freeyourpost.com\/es\/wp-json\/wp\/v2\/pages"}],"about":[{"href":"https:\/\/freeyourpost.com\/es\/wp-json\/wp\/v2\/types\/page"}],"author":[{"embeddable":true,"href":"https:\/\/freeyourpost.com\/es\/wp-json\/wp\/v2\/users\/9"}],"replies":[{"embeddable":true,"href":"https:\/\/freeyourpost.com\/es\/wp-json\/wp\/v2\/comments?post=2889"}],"version-history":[{"count":40,"href":"https:\/\/freeyourpost.com\/es\/wp-json\/wp\/v2\/pages\/2889\/revisions"}],"predecessor-version":[{"id":6986,"href":"https:\/\/freeyourpost.com\/es\/wp-json\/wp\/v2\/pages\/2889\/revisions\/6986"}],"wp:attachment":[{"href":"https:\/\/freeyourpost.com\/es\/wp-json\/wp\/v2\/media?parent=2889"}],"curies":[{"name":"wp","href":"https:\/\/api.w.org\/{rel}","templated":true}]}}