{"id":2891,"date":"2016-10-25T17:27:29","date_gmt":"2016-10-25T17:27:29","guid":{"rendered":"https:\/\/freeyourpost.com\/es\/team\/"},"modified":"2023-03-28T18:39:44","modified_gmt":"2023-03-28T17:39:44","slug":"team","status":"publish","type":"page","link":"https:\/\/freeyourpost.com\/es\/team\/","title":{"rendered":"team"},"content":{"rendered":"[vc_row type=\u00bbfull_width_background\u00bb full_screen_row_position=\u00bbmiddle\u00bb bg_color=\u00bb#ffffff\u00bb scene_position=\u00bbcenter\u00bb text_color=\u00bbdark\u00bb text_align=\u00bbcenter\u00bb top_padding=\u00bb40&#8243; bottom_padding=\u00bb40&#8243; overlay_strength=\u00bb0.3&#8243;][vc_column centered_text=\u00bbtrue\u00bb column_padding=\u00bbno-extra-padding\u00bb column_padding_position=\u00bball\u00bb background_color_opacity=\u00bb1&#8243; background_hover_color_opacity=\u00bb1&#8243; width=\u00bb1\/1&#8243; tablet_text_alignment=\u00bbdefault\u00bb phone_text_alignment=\u00bbdefault\u00bb][vc_column_text]\n<h3 style=\"text-align: center;\"><span style=\"color: #00a7a8;\">Freeyourpost fue fundada en Septiembre de 2014 por Rafael Gald\u00f3 y Lidia Mart\u00ednez.<br \/>\n<\/span><\/h3>\n[\/vc_column_text][\/vc_column][\/vc_row][vc_row type=\u00bbfull_width_content\u00bb full_screen_row_position=\u00bbmiddle\u00bb equal_height=\u00bbyes\u00bb content_placement=\u00bbmiddle\u00bb scene_position=\u00bbcenter\u00bb text_color=\u00bbdark\u00bb text_align=\u00bbleft\u00bb overlay_strength=\u00bb0.3&#8243;][vc_column centered_text=\u00bbtrue\u00bb column_padding=\u00bbno-extra-padding\u00bb column_padding_position=\u00bball\u00bb background_color=\u00bb#00a7a8&#8243; background_color_opacity=\u00bb1&#8243; background_hover_color_opacity=\u00bb1&#8243; width=\u00bb1\/4&#8243; tablet_text_alignment=\u00bbdefault\u00bb phone_text_alignment=\u00bbdefault\u00bb]<div class=\"img-with-aniamtion-wrap center\" data-max-width=\"100%\"><div class=\"inner\"><img decoding=\"async\" data-shadow=\"none\" data-shadow-direction=\"middle\" class=\"img-with-animation \" data-delay=\"0\" height=\"100%\" width=\"100%\" data-animation=\"fade-in-from-left\" src=\"https:\/\/freeyourpost.com\/subdomain\/wp-content\/uploads\/2023\/03\/IMG_20221022_195049-scaled.jpeg\" alt=\"\" \/><\/div><\/div>[\/vc_column][vc_column enable_animation=\u00bbtrue\u00bb animation=\u00bbnone\u00bb centered_text=\u00bbtrue\u00bb column_padding=\u00bbpadding-4-percent\u00bb column_padding_position=\u00bball\u00bb background_color=\u00bb#00a7a8&#8243; background_color_opacity=\u00bb1&#8243; background_hover_color_opacity=\u00bb1&#8243; width=\u00bb3\/4&#8243; tablet_text_alignment=\u00bbdefault\u00bb phone_text_alignment=\u00bbdefault\u00bb][vc_column_text]\n<h3 style=\"text-align: left;\"><span style=\"color: #ffffff;\"><strong>Lidia Mart\u00ednez<\/strong>, licenciada en Comunicaci\u00f3n Audiovisual por la Universidad Aut\u00f3noma de Barcelona, ha desempe\u00f1ado diferentes cargos dentro del \u00e1mbito audiovisual. Desde periodista en TV3 hasta Directora de Producci\u00f3n de programas de TV y documentales en DTV Producciones, filial de Media Park. Durante los \u00faltimos 20 a\u00f1os su labor se ha centrado en la Direcci\u00f3n de Cuentas del departamento de Cine y TV de empresas de postproducci\u00f3n de reconocido prestigio en nuestro pa\u00eds como Filmtel, Infinia e Imasblue. <\/span><\/h3>\n<h3 style=\"text-align: left;\"><span style=\"color: #ffffff;\">Actualmente ejerce de profesora de Direcci\u00f3n de Postproducci\u00f3n en la ESCAC (Escuela Superior de Cinema i Audiovisuals de Catalunya), labor que compagina con la supervisi\u00f3n de postproducci\u00f3n de proyectos de cine y televisi\u00f3n.\u00a0<\/span><\/h3>\n<h3 class=\"layoutArea\" style=\"text-align: left;\"><span style=\"color: #ffffff;\">\u00a0<\/span><\/h3>\n[\/vc_column_text]<div class=\"divider-wrap\"><div style=\"height: 25px;\" class=\"divider\"><\/div><\/div>[vc_column_text css=\u00bb.vc_custom_1480654846847{background-position: center !important;background-repeat: no-repeat !important;background-size: cover !important;}\u00bb]\n<div class=\"page\" title=\"Page 5\">\n<div class=\"section\">\n<div class=\"layoutArea\">\n<h3 class=\"column\" style=\"text-align: left;\"><span style=\"color: #ffffff;\"><a style=\"color: #ffffff;\" href=\"mailto:lidia@freeyourpost.com\">lidia@freeyourpost.com<\/a><\/span><\/h3>\n<h3 class=\"column\" style=\"text-align: left;\"><span style=\"color: #27ccc0;\"><span style=\"color: #ffffff;\">+34 670 440 245<\/span><br \/>\n<\/span><\/h3>\n<\/div>\n<\/div>\n<\/div>\n[\/vc_column_text][\/vc_column][\/vc_row][vc_row type=\u00bbfull_width_content\u00bb full_screen_row_position=\u00bbmiddle\u00bb equal_height=\u00bbyes\u00bb content_placement=\u00bbmiddle\u00bb vertically_center_columns=\u00bbtrue\u00bb scene_position=\u00bbcenter\u00bb text_color=\u00bbdark\u00bb text_align=\u00bbleft\u00bb overlay_strength=\u00bb0.3&#8243;][vc_column enable_animation=\u00bbtrue\u00bb animation=\u00bbnone\u00bb centered_text=\u00bbtrue\u00bb column_padding=\u00bbpadding-4-percent\u00bb column_padding_position=\u00bball\u00bb background_color=\u00bb#ffffff\u00bb background_color_opacity=\u00bb1&#8243; background_hover_color_opacity=\u00bb1&#8243; width=\u00bb3\/4&#8243; tablet_text_alignment=\u00bbdefault\u00bb phone_text_alignment=\u00bbdefault\u00bb][vc_column_text]\n<h3 style=\"text-align: left;\"><span style=\"color: #00a7a8;\"><strong>Rafael Gald\u00f3<\/strong>, inici\u00f3 su carrera profesional en Anim\u00e1tica, primera compa\u00f1\u00eda de animaci\u00f3n y dise\u00f1o 3D en Espa\u00f1a. Posteriormente fund\u00f3 Virtual Effects, especializada en animaci\u00f3n 3D y VFX, para publicidad, cine y eventos. En 2005 se incorpor\u00f3 a Molinare \/ Imasblue, como Director de Operaciones de Proyectos de cine y audiovisuales, y m\u00e1s tarde se incorpora al grupo tres60 en Barcelona como Director de Postproducci\u00f3n.<\/span><br \/>\n<span style=\"color: #00a7a8;\">Durante este tiempo ha adquirido gran experiencia en la direcci\u00f3n y ejecuci\u00f3n de proyectos de postproducci\u00f3n como Realizador, Director de Postproducci\u00f3n y Supervisor de VFX, as\u00ed como en la coordinaci\u00f3n de equipos.<\/span><\/h3>\n<h3 class=\"layoutArea\" style=\"text-align: left;\"><span style=\"color: #ffffff;\">\u00a0<\/span><\/h3>\n[\/vc_column_text]<div class=\"divider-wrap\"><div style=\"height: 25px;\" class=\"divider\"><\/div><\/div>[vc_column_text]\n<div class=\"page\" title=\"Page 5\">\n<div class=\"section\">\n<h3 style=\"text-align: left;\"><span style=\"color: #00a7a8;\"><a style=\"color: #00a7a8;\" href=\"mailto:rafa@freeyourpost.com\">rafa@freeyourpost.com<\/a><\/span><\/h3>\n<h3 style=\"text-align: left;\"><span style=\"color: #00a7a8;\">+34 670 887 267<\/span><\/h3>\n<\/div>\n<\/div>\n[\/vc_column_text][\/vc_column][vc_column enable_animation=\u00bbtrue\u00bb animation=\u00bbfade-in\u00bb centered_text=\u00bbtrue\u00bb column_padding=\u00bbno-extra-padding\u00bb column_padding_position=\u00bball\u00bb background_color=\u00bb#ffffff\u00bb background_color_opacity=\u00bb1&#8243; background_hover_color_opacity=\u00bb1&#8243; width=\u00bb1\/4&#8243; tablet_text_alignment=\u00bbdefault\u00bb phone_text_alignment=\u00bbdefault\u00bb]<div class=\"img-with-aniamtion-wrap center\" data-max-width=\"100%\"><div class=\"inner\"><img decoding=\"async\" data-shadow=\"none\" data-shadow-direction=\"middle\" class=\"img-with-animation \" data-delay=\"0\" height=\"100%\" width=\"100%\" data-animation=\"fade-in-from-right\" src=\"https:\/\/freeyourpost.com\/subdomain\/wp-content\/uploads\/2016\/10\/Screen-Shot-2016-10-31-at-11.44.25.jpg\" alt=\"\" \/><\/div><\/div>[\/vc_column][\/vc_row][vc_row type=\u00bbfull_width_content\u00bb full_screen_row_position=\u00bbmiddle\u00bb bg_color=\u00bb#ffffff\u00bb scene_position=\u00bbcenter\u00bb text_color=\u00bbdark\u00bb text_align=\u00bbleft\u00bb overlay_strength=\u00bb0.3&#8243;][vc_column column_padding=\u00bbno-extra-padding\u00bb column_padding_position=\u00bball\u00bb background_color=\u00bb#ffffff\u00bb background_color_opacity=\u00bb1&#8243; background_hover_color_opacity=\u00bb1&#8243; width=\u00bb1\/1&#8243; tablet_text_alignment=\u00bbdefault\u00bb phone_text_alignment=\u00bbdefault\u00bb offset=\u00bbvc_hidden-lg\u00bb]<div class=\"divider-wrap\"><div style=\"height: 20px;\" class=\"divider\"><\/div><\/div>[\/vc_column][\/vc_row][vc_row type=\u00bbfull_width_content\u00bb full_screen_row_position=\u00bbmiddle\u00bb equal_height=\u00bbyes\u00bb content_placement=\u00bbmiddle\u00bb bg_color=\u00bb#ffffff\u00bb scene_position=\u00bbcenter\u00bb text_color=\u00bbdark\u00bb text_align=\u00bbleft\u00bb overlay_strength=\u00bb0.3&#8243;][vc_column centered_text=\u00bbtrue\u00bb column_padding=\u00bbno-extra-padding\u00bb column_padding_position=\u00bball\u00bb background_color_opacity=\u00bb1&#8243; background_hover_color_opacity=\u00bb1&#8243; width=\u00bb1\/2&#8243; tablet_text_alignment=\u00bbdefault\u00bb phone_text_alignment=\u00bbdefault\u00bb]<div class=\"img-with-aniamtion-wrap center\" data-max-width=\"100%\"><div class=\"inner\"><img decoding=\"async\" data-shadow=\"none\" data-shadow-direction=\"middle\" class=\"img-with-animation \" data-delay=\"0\" height=\"100%\" width=\"100%\" data-animation=\"fade-in\" src=\"https:\/\/freeyourpost.com\/subdomain\/wp-content\/uploads\/2016\/10\/download21-2.jpg\" alt=\"\" \/><\/div><\/div>[\/vc_column][vc_column centered_text=\u00bbtrue\u00bb column_padding=\u00bbpadding-4-percent\u00bb column_padding_position=\u00bball\u00bb background_color=\u00bb#00a7a8&#8243; background_color_opacity=\u00bb1&#8243; background_hover_color_opacity=\u00bb1&#8243; width=\u00bb1\/2&#8243; tablet_text_alignment=\u00bbdefault\u00bb phone_text_alignment=\u00bbdefault\u00bb][vc_column_text]\n<h3 style=\"text-align: left;\"><span style=\"color: #ffffff;\">A lo largo de su vida laboral Lidia y Rafa han forjado fuertes lazos profesionales con productores y distribuidores as\u00ed como con proveedores de postproducci\u00f3n del sector. Su experiencia est\u00e1 apoyada por un s\u00f3lido conocimiento t\u00e9cnico acumulado a lo largo de los a\u00f1os.<\/span><br \/>\n<span style=\"color: #ffffff;\">Ambos cuentan con una gran vocaci\u00f3n de servicio y un amplio conocimiento t\u00e9cnico que les avala para abordar la postproducci\u00f3n de cualquier proyecto audiovisual sea cual sea su envergadura.<\/span><\/h3>\n[\/vc_column_text][\/vc_column][\/vc_row][vc_row type=\u00bbfull_width_background\u00bb full_screen_row_position=\u00bbmiddle\u00bb bg_color=\u00bb#ffffff\u00bb scene_position=\u00bbcenter\u00bb text_color=\u00bbdark\u00bb text_align=\u00bbcenter\u00bb top_padding=\u00bb20&#8243; bottom_padding=\u00bb20&#8243; overlay_strength=\u00bb0.3&#8243;][vc_column centered_text=\u00bbtrue\u00bb column_padding=\u00bbno-extra-padding\u00bb column_padding_position=\u00bball\u00bb background_color_opacity=\u00bb1&#8243; background_hover_color_opacity=\u00bb1&#8243; width=\u00bb1\/1&#8243; tablet_text_alignment=\u00bbdefault\u00bb phone_text_alignment=\u00bbdefault\u00bb][vc_column_text]\n<h3 class=\"light\" style=\"text-align: center;\"><span style=\"color: #00a7a8;\">\u00bfPonte en contacto con nosotros?<\/span> <a class=\"nectar-button medium accent-color has-icon regular-button\"  href=\"http:\/\/freeyourpost.com\/es\/contact\/\" data-color-override=\"false\" data-hover-color-override=\"false\" data-hover-text-color-override=\"#fff\"><span>Cont\u00e1ctanos<\/span><i class=\"icon-button-arrow\"><\/i><\/a><\/h3>\n[\/vc_column_text][\/vc_column][\/vc_row][vc_row type=\u00bbfull_width_background\u00bb full_screen_row_position=\u00bbmiddle\u00bb bg_color=\u00bb#00a7a8&#8243; scene_position=\u00bbcenter\u00bb text_color=\u00bblight\u00bb text_align=\u00bbleft\u00bb top_padding=\u00bb10&#8243; bottom_padding=\u00bb10&#8243; overlay_strength=\u00bb0.3&#8243;][vc_column column_padding=\u00bbno-extra-padding\u00bb column_padding_position=\u00bball\u00bb background_color_opacity=\u00bb1&#8243; background_hover_color_opacity=\u00bb1&#8243; width=\u00bb1\/4&#8243; tablet_text_alignment=\u00bbdefault\u00bb phone_text_alignment=\u00bbdefault\u00bb][\/vc_column][vc_column centered_text=\u00bbtrue\u00bb column_padding=\u00bbno-extra-padding\u00bb column_padding_position=\u00bball\u00bb background_color_opacity=\u00bb1&#8243; background_hover_color_opacity=\u00bb1&#8243; width=\u00bb2\/4&#8243; tablet_text_alignment=\u00bbdefault\u00bb phone_text_alignment=\u00bbdefault\u00bb][vc_column_text]<img loading=\"lazy\" decoding=\"async\" class=\"size-medium wp-image-2979 aligncenter\" src=\"https:\/\/freeyourpost.com\/subdomain\/wp-content\/uploads\/2014\/05\/logo-freeyourpost-blanco-600px-300x72.png\" alt=\"logo-freeyourpost-blanco-600px\" width=\"300\" height=\"72\" srcset=\"https:\/\/freeyourpost.com\/subdomain\/wp-content\/uploads\/2014\/05\/logo-freeyourpost-blanco-600px-300x72.png 300w, https:\/\/freeyourpost.com\/subdomain\/wp-content\/uploads\/2014\/05\/logo-freeyourpost-blanco-600px.png 600w\" sizes=\"(max-width: 300px) 100vw, 300px\" \/>[\/vc_column_text][vc_column_text]\n<h5><span style=\"color: #ffffff;\"><a style=\"color: #ffffff;\" href=\"http:\/\/freeyourpost.com\/politica-de-coockies\/\">Politica de coockies |<\/a> <a style=\"color: #ffffff;\" href=\"http:\/\/freeyourpost.com\/politica-de-privacidad\/\"> Politica de privacidad |<\/a> <a style=\"color: #ffffff;\" href=\"http:\/\/freeyourpost.com\/condiciones-de-uso\/\"> Condiciones de uso<\/a><\/span><\/h5>\n[\/vc_column_text][\/vc_column][vc_column column_padding=\u00bbno-extra-padding\u00bb column_padding_position=\u00bball\u00bb background_color_opacity=\u00bb1&#8243; background_hover_color_opacity=\u00bb1&#8243; width=\u00bb1\/4&#8243; tablet_text_alignment=\u00bbdefault\u00bb phone_text_alignment=\u00bbdefault\u00bb][\/vc_column][\/vc_row][vc_row type=\u00bbfull_width_background\u00bb full_screen_row_position=\u00bbmiddle\u00bb scene_position=\u00bbcenter\u00bb text_color=\u00bbdark\u00bb text_align=\u00bbleft\u00bb overlay_strength=\u00bb0.3&#8243;][vc_column column_padding=\u00bbno-extra-padding\u00bb column_padding_position=\u00bball\u00bb background_color_opacity=\u00bb1&#8243; background_hover_color_opacity=\u00bb1&#8243; width=\u00bb1\/1&#8243; tablet_text_alignment=\u00bbdefault\u00bb phone_text_alignment=\u00bbdefault\u00bb][vc_raw_js]JTA5JTBBJTNDc2NyaXB0JTIwdHlwZSUzRCUyMnRleHQlMkZqYXZhc2NyaXB0JTIyJTNFJTIwX2xpbmtlZGluX2RhdGFfcGFydG5lcl9pZCUyMCUzRCUyMCUyMjQ3MzYxJTIyJTNCJTIwJTNDJTJGc2NyaXB0JTNFJTNDc2NyaXB0JTIwdHlwZSUzRCUyMnRleHQlMkZqYXZhc2NyaXB0JTIyJTNFJTIwJTI4ZnVuY3Rpb24lMjglMjklN0J2YXIlMjBzJTIwJTNEJTIwZG9jdW1lbnQuZ2V0RWxlbWVudHNCeVRhZ05hbWUlMjglMjJzY3JpcHQlMjIlMjklNUIwJTVEJTNCJTIwdmFyJTIwYiUyMCUzRCUyMGRvY3VtZW50LmNyZWF0ZUVsZW1lbnQlMjglMjJzY3JpcHQlMjIlMjklM0IlMjBiLnR5cGUlMjAlM0QlMjAlMjJ0ZXh0JTJGamF2YXNjcmlwdCUyMiUzQmIuYXN5bmMlMjAlM0QlMjB0cnVlJTNCJTIwYi5zcmMlMjAlM0QlMjAlMjJodHRwcyUzQSUyRiUyRnNuYXAubGljZG4uY29tJTJGbGkubG1zLWFuYWx5dGljcyUyRmluc2lnaHQubWluLmpzJTIyJTNCJTIwcy5wYXJlbnROb2RlLmluc2VydEJlZm9yZSUyOGIlMkMlMjBzJTI5JTNCJTdEJTI5JTI4JTI5JTNCJTIwJTNDJTJGc2NyaXB0JTNFJTIwJTNDbm9zY3JpcHQlM0UlMjAlM0NpbWclMjBoZWlnaHQlM0QlMjIxJTIyJTIwd2lkdGglM0QlMjIxJTIyJTIwc3R5bGUlM0QlMjJkaXNwbGF5JTNBbm9uZSUzQiUyMiUyMGFsdCUzRCUyMiUyMiUyMHNyYyUzRCUyMmh0dHBzJTNBJTJGJTJGZGMuYWRzLmxpbmtlZGluLmNvbSUyRmNvbGxlY3QlMkYlM0ZwaWQlM0Q0NzM2MSUyNmZtdCUzRGdpZiUyMiUyMCUyRiUzRSUyMCUzQyUyRm5vc2NyaXB0JTNF[\/vc_raw_js][\/vc_column][\/vc_row]\n","protected":false},"excerpt":{"rendered":"<p>[vc_row type=\u00bbfull_width_background\u00bb full_screen_row_position=\u00bbmiddle\u00bb bg_color=\u00bb#ffffff\u00bb scene_position=\u00bbcenter\u00bb text_color=\u00bbdark\u00bb text_align=\u00bbcenter\u00bb top_padding=\u00bb40&#8243; bottom_padding=\u00bb40&#8243; overlay_strength=\u00bb0.3&#8243;][vc_column centered_text=\u00bbtrue\u00bb column_padding=\u00bbno-extra-padding\u00bb column_padding_position=\u00bball\u00bb background_color_opacity=\u00bb1&#8243; background_hover_color_opacity=\u00bb1&#8243; width=\u00bb1\/1&#8243; tablet_text_alignment=\u00bbdefault\u00bb phone_text_alignment=\u00bbdefault\u00bb][vc_column_text] Freeyourpost fue fundada en Septiembre de 2014 por Rafael Gald\u00f3 y Lidia&#8230;<\/p>\n","protected":false},"author":9,"featured_media":0,"parent":0,"menu_order":0,"comment_status":"closed","ping_status":"closed","template":"","meta":{"footnotes":""},"yoast_head":"<!-- This site is optimized with the Yoast SEO plugin v23.5 - https:\/\/yoast.com\/wordpress\/plugins\/seo\/ -->\n<title>team | freeyourpost<\/title>\n<meta name=\"robots\" content=\"index, follow, max-snippet:-1, max-image-preview:large, max-video-preview:-1\" \/>\n<link rel=\"canonical\" href=\"https:\/\/freeyourpost.com\/es\/team\/\" \/>\n<meta property=\"og:locale\" content=\"es_ES\" \/>\n<meta property=\"og:type\" content=\"article\" \/>\n<meta property=\"og:title\" content=\"team | freeyourpost\" \/>\n<meta property=\"og:description\" content=\"[vc_row type=\u00bbfull_width_background\u00bb full_screen_row_position=\u00bbmiddle\u00bb bg_color=\u00bb#ffffff\u00bb scene_position=\u00bbcenter\u00bb text_color=\u00bbdark\u00bb text_align=\u00bbcenter\u00bb top_padding=\u00bb40&#8243; bottom_padding=\u00bb40&#8243; overlay_strength=\u00bb0.3&#8243;][vc_column centered_text=\u00bbtrue\u00bb column_padding=\u00bbno-extra-padding\u00bb column_padding_position=\u00bball\u00bb background_color_opacity=\u00bb1&#8243; background_hover_color_opacity=\u00bb1&#8243; width=\u00bb1\/1&#8243; tablet_text_alignment=\u00bbdefault\u00bb phone_text_alignment=\u00bbdefault\u00bb][vc_column_text] Freeyourpost fue fundada en Septiembre de 2014 por Rafael Gald\u00f3 y Lidia...\" \/>\n<meta property=\"og:url\" content=\"https:\/\/freeyourpost.com\/es\/team\/\" \/>\n<meta property=\"og:site_name\" content=\"freeyourpost\" \/>\n<meta property=\"article:publisher\" content=\"https:\/\/www.facebook.com\/freeyourpost\/\" \/>\n<meta property=\"article:modified_time\" content=\"2023-03-28T17:39:44+00:00\" \/>\n<meta property=\"og:image\" content=\"https:\/\/freeyourpost.com\/subdomain\/wp-content\/uploads\/2014\/05\/logo-freeyourpost-blanco-600px-300x72.png\" \/>\n<meta name=\"twitter:card\" content=\"summary_large_image\" \/>\n<meta name=\"twitter:site\" content=\"@freeyourpost\" \/>\n<meta name=\"twitter:label1\" content=\"Tiempo de lectura\" \/>\n\t<meta name=\"twitter:data1\" content=\"3 minutos\" \/>\n<script type=\"application\/ld+json\" class=\"yoast-schema-graph\">{\"@context\":\"https:\/\/schema.org\",\"@graph\":[{\"@type\":\"WebPage\",\"@id\":\"https:\/\/freeyourpost.com\/es\/team\/\",\"url\":\"https:\/\/freeyourpost.com\/es\/team\/\",\"name\":\"team | freeyourpost\",\"isPartOf\":{\"@id\":\"http:\/\/freeyourpost.com\/#website\"},\"primaryImageOfPage\":{\"@id\":\"https:\/\/freeyourpost.com\/es\/team\/#primaryimage\"},\"image\":{\"@id\":\"https:\/\/freeyourpost.com\/es\/team\/#primaryimage\"},\"thumbnailUrl\":\"https:\/\/freeyourpost.com\/subdomain\/wp-content\/uploads\/2014\/05\/logo-freeyourpost-blanco-600px-300x72.png\",\"datePublished\":\"2016-10-25T17:27:29+00:00\",\"dateModified\":\"2023-03-28T17:39:44+00:00\",\"breadcrumb\":{\"@id\":\"https:\/\/freeyourpost.com\/es\/team\/#breadcrumb\"},\"inLanguage\":\"es\",\"potentialAction\":[{\"@type\":\"ReadAction\",\"target\":[\"https:\/\/freeyourpost.com\/es\/team\/\"]}]},{\"@type\":\"ImageObject\",\"inLanguage\":\"es\",\"@id\":\"https:\/\/freeyourpost.com\/es\/team\/#primaryimage\",\"url\":\"https:\/\/freeyourpost.com\/subdomain\/wp-content\/uploads\/2014\/05\/logo-freeyourpost-blanco-600px-300x72.png\",\"contentUrl\":\"https:\/\/freeyourpost.com\/subdomain\/wp-content\/uploads\/2014\/05\/logo-freeyourpost-blanco-600px-300x72.png\"},{\"@type\":\"BreadcrumbList\",\"@id\":\"https:\/\/freeyourpost.com\/es\/team\/#breadcrumb\",\"itemListElement\":[{\"@type\":\"ListItem\",\"position\":1,\"name\":\"Home\",\"item\":\"https:\/\/freeyourpost.com\/es\/\"},{\"@type\":\"ListItem\",\"position\":2,\"name\":\"team\"}]},{\"@type\":\"WebSite\",\"@id\":\"http:\/\/freeyourpost.com\/#website\",\"url\":\"http:\/\/freeyourpost.com\/\",\"name\":\"freeyourpost\",\"description\":\"post production management agency\",\"publisher\":{\"@id\":\"http:\/\/freeyourpost.com\/#organization\"},\"potentialAction\":[{\"@type\":\"SearchAction\",\"target\":{\"@type\":\"EntryPoint\",\"urlTemplate\":\"http:\/\/freeyourpost.com\/?s={search_term_string}\"},\"query-input\":{\"@type\":\"PropertyValueSpecification\",\"valueRequired\":true,\"valueName\":\"search_term_string\"}}],\"inLanguage\":\"es\"},{\"@type\":\"Organization\",\"@id\":\"http:\/\/freeyourpost.com\/#organization\",\"name\":\"Freeyourpost\",\"url\":\"http:\/\/freeyourpost.com\/\",\"logo\":{\"@type\":\"ImageObject\",\"inLanguage\":\"es\",\"@id\":\"http:\/\/freeyourpost.com\/#\/schema\/logo\/image\/\",\"url\":\"https:\/\/freeyourpost.com\/subdomain\/wp-content\/uploads\/2014\/05\/LogoFreeyourpost.png\",\"contentUrl\":\"https:\/\/freeyourpost.com\/subdomain\/wp-content\/uploads\/2014\/05\/LogoFreeyourpost.png\",\"width\":2100,\"height\":732,\"caption\":\"Freeyourpost\"},\"image\":{\"@id\":\"http:\/\/freeyourpost.com\/#\/schema\/logo\/image\/\"},\"sameAs\":[\"https:\/\/www.facebook.com\/freeyourpost\/\",\"https:\/\/x.com\/freeyourpost\",\"https:\/\/www.instagram.com\/freeyourpost\/\",\"https:\/\/es.linkedin.com\/company\/fypost\"]}]}<\/script>\n<!-- \/ Yoast SEO plugin. -->","yoast_head_json":{"title":"team | freeyourpost","robots":{"index":"index","follow":"follow","max-snippet":"max-snippet:-1","max-image-preview":"max-image-preview:large","max-video-preview":"max-video-preview:-1"},"canonical":"https:\/\/freeyourpost.com\/es\/team\/","og_locale":"es_ES","og_type":"article","og_title":"team | freeyourpost","og_description":"[vc_row type=\u00bbfull_width_background\u00bb full_screen_row_position=\u00bbmiddle\u00bb bg_color=\u00bb#ffffff\u00bb scene_position=\u00bbcenter\u00bb text_color=\u00bbdark\u00bb text_align=\u00bbcenter\u00bb top_padding=\u00bb40&#8243; bottom_padding=\u00bb40&#8243; overlay_strength=\u00bb0.3&#8243;][vc_column centered_text=\u00bbtrue\u00bb column_padding=\u00bbno-extra-padding\u00bb column_padding_position=\u00bball\u00bb background_color_opacity=\u00bb1&#8243; background_hover_color_opacity=\u00bb1&#8243; width=\u00bb1\/1&#8243; tablet_text_alignment=\u00bbdefault\u00bb phone_text_alignment=\u00bbdefault\u00bb][vc_column_text] Freeyourpost fue fundada en Septiembre de 2014 por Rafael Gald\u00f3 y Lidia...","og_url":"https:\/\/freeyourpost.com\/es\/team\/","og_site_name":"freeyourpost","article_publisher":"https:\/\/www.facebook.com\/freeyourpost\/","article_modified_time":"2023-03-28T17:39:44+00:00","og_image":[{"url":"https:\/\/freeyourpost.com\/subdomain\/wp-content\/uploads\/2014\/05\/logo-freeyourpost-blanco-600px-300x72.png"}],"twitter_card":"summary_large_image","twitter_site":"@freeyourpost","twitter_misc":{"Tiempo de lectura":"3 minutos"},"schema":{"@context":"https:\/\/schema.org","@graph":[{"@type":"WebPage","@id":"https:\/\/freeyourpost.com\/es\/team\/","url":"https:\/\/freeyourpost.com\/es\/team\/","name":"team | freeyourpost","isPartOf":{"@id":"http:\/\/freeyourpost.com\/#website"},"primaryImageOfPage":{"@id":"https:\/\/freeyourpost.com\/es\/team\/#primaryimage"},"image":{"@id":"https:\/\/freeyourpost.com\/es\/team\/#primaryimage"},"thumbnailUrl":"https:\/\/freeyourpost.com\/subdomain\/wp-content\/uploads\/2014\/05\/logo-freeyourpost-blanco-600px-300x72.png","datePublished":"2016-10-25T17:27:29+00:00","dateModified":"2023-03-28T17:39:44+00:00","breadcrumb":{"@id":"https:\/\/freeyourpost.com\/es\/team\/#breadcrumb"},"inLanguage":"es","potentialAction":[{"@type":"ReadAction","target":["https:\/\/freeyourpost.com\/es\/team\/"]}]},{"@type":"ImageObject","inLanguage":"es","@id":"https:\/\/freeyourpost.com\/es\/team\/#primaryimage","url":"https:\/\/freeyourpost.com\/subdomain\/wp-content\/uploads\/2014\/05\/logo-freeyourpost-blanco-600px-300x72.png","contentUrl":"https:\/\/freeyourpost.com\/subdomain\/wp-content\/uploads\/2014\/05\/logo-freeyourpost-blanco-600px-300x72.png"},{"@type":"BreadcrumbList","@id":"https:\/\/freeyourpost.com\/es\/team\/#breadcrumb","itemListElement":[{"@type":"ListItem","position":1,"name":"Home","item":"https:\/\/freeyourpost.com\/es\/"},{"@type":"ListItem","position":2,"name":"team"}]},{"@type":"WebSite","@id":"http:\/\/freeyourpost.com\/#website","url":"http:\/\/freeyourpost.com\/","name":"freeyourpost","description":"post production management agency","publisher":{"@id":"http:\/\/freeyourpost.com\/#organization"},"potentialAction":[{"@type":"SearchAction","target":{"@type":"EntryPoint","urlTemplate":"http:\/\/freeyourpost.com\/?s={search_term_string}"},"query-input":{"@type":"PropertyValueSpecification","valueRequired":true,"valueName":"search_term_string"}}],"inLanguage":"es"},{"@type":"Organization","@id":"http:\/\/freeyourpost.com\/#organization","name":"Freeyourpost","url":"http:\/\/freeyourpost.com\/","logo":{"@type":"ImageObject","inLanguage":"es","@id":"http:\/\/freeyourpost.com\/#\/schema\/logo\/image\/","url":"https:\/\/freeyourpost.com\/subdomain\/wp-content\/uploads\/2014\/05\/LogoFreeyourpost.png","contentUrl":"https:\/\/freeyourpost.com\/subdomain\/wp-content\/uploads\/2014\/05\/LogoFreeyourpost.png","width":2100,"height":732,"caption":"Freeyourpost"},"image":{"@id":"http:\/\/freeyourpost.com\/#\/schema\/logo\/image\/"},"sameAs":["https:\/\/www.facebook.com\/freeyourpost\/","https:\/\/x.com\/freeyourpost","https:\/\/www.instagram.com\/freeyourpost\/","https:\/\/es.linkedin.com\/company\/fypost"]}]}},"_links":{"self":[{"href":"https:\/\/freeyourpost.com\/es\/wp-json\/wp\/v2\/pages\/2891"}],"collection":[{"href":"https:\/\/freeyourpost.com\/es\/wp-json\/wp\/v2\/pages"}],"about":[{"href":"https:\/\/freeyourpost.com\/es\/wp-json\/wp\/v2\/types\/page"}],"author":[{"embeddable":true,"href":"https:\/\/freeyourpost.com\/es\/wp-json\/wp\/v2\/users\/9"}],"replies":[{"embeddable":true,"href":"https:\/\/freeyourpost.com\/es\/wp-json\/wp\/v2\/comments?post=2891"}],"version-history":[{"count":50,"href":"https:\/\/freeyourpost.com\/es\/wp-json\/wp\/v2\/pages\/2891\/revisions"}],"predecessor-version":[{"id":7807,"href":"https:\/\/freeyourpost.com\/es\/wp-json\/wp\/v2\/pages\/2891\/revisions\/7807"}],"wp:attachment":[{"href":"https:\/\/freeyourpost.com\/es\/wp-json\/wp\/v2\/media?parent=2891"}],"curies":[{"name":"wp","href":"https:\/\/api.w.org\/{rel}","templated":true}]}}