{"id":2931,"date":"2016-11-01T21:52:44","date_gmt":"2016-11-01T21:52:44","guid":{"rendered":"https:\/\/freeyourpost.com\/es\/politica-de-privacidad\/"},"modified":"2016-11-02T00:23:38","modified_gmt":"2016-11-02T00:23:38","slug":"politica-de-privacidad","status":"publish","type":"page","link":"https:\/\/freeyourpost.com\/es\/politica-de-privacidad\/","title":{"rendered":"POL\u00cdTICA DE PRIVACIDAD"},"content":{"rendered":"[vc_row type=\u00bbin_container\u00bb full_screen_row_position=\u00bbmiddle\u00bb scene_position=\u00bbcenter\u00bb text_color=\u00bbdark\u00bb text_align=\u00bbleft\u00bb overlay_strength=\u00bb0.3&#8243;][vc_column column_padding=\u00bbno-extra-padding\u00bb column_padding_position=\u00bball\u00bb background_color_opacity=\u00bb1&#8243; background_hover_color_opacity=\u00bb1&#8243; width=\u00bb1\/1&#8243; tablet_text_alignment=\u00bbdefault\u00bb phone_text_alignment=\u00bbdefault\u00bb]<div class=\"divider-wrap\"><div style=\"height: 20px;\" class=\"divider\"><\/div><\/div>[\/vc_column][\/vc_row][vc_row type=\u00bbfull_width_content\u00bb full_screen_row_position=\u00bbmiddle\u00bb scene_position=\u00bbcenter\u00bb text_color=\u00bbdark\u00bb text_align=\u00bbleft\u00bb overlay_strength=\u00bb0.3&#8243;][vc_column column_padding=\u00bbno-extra-padding\u00bb column_padding_position=\u00bball\u00bb background_color_opacity=\u00bb1&#8243; background_hover_color_opacity=\u00bb1&#8243; width=\u00bb1\/1&#8243; tablet_text_alignment=\u00bbdefault\u00bb phone_text_alignment=\u00bbdefault\u00bb]<div class=\"img-with-aniamtion-wrap center\" data-max-width=\"100%\"><div class=\"inner\"><img decoding=\"async\" data-shadow=\"none\" data-shadow-direction=\"middle\" class=\"img-with-animation \" data-delay=\"120\" height=\"100%\" width=\"100%\" data-animation=\"fade-in\" src=\"https:\/\/freeyourpost.com\/subdomain\/wp-content\/uploads\/2016\/10\/logo-copy.png\" alt=\"\" \/><\/div><\/div>[\/vc_column][\/vc_row][vc_row type=\u00bbin_container\u00bb full_screen_row_position=\u00bbmiddle\u00bb scene_position=\u00bbcenter\u00bb text_color=\u00bbdark\u00bb text_align=\u00bbleft\u00bb overlay_strength=\u00bb0.3&#8243;][vc_column column_padding=\u00bbno-extra-padding\u00bb column_padding_position=\u00bball\u00bb background_color_opacity=\u00bb1&#8243; background_hover_color_opacity=\u00bb1&#8243; width=\u00bb1\/1&#8243; tablet_text_alignment=\u00bbdefault\u00bb phone_text_alignment=\u00bbdefault\u00bb]<div class=\"divider-wrap\"><div style=\"height: 70px;\" class=\"divider\"><\/div><\/div><div class=\"iwithtext\"><div class=\"iwt-icon\"> <img decoding=\"async\" src=\"https:\/\/freeyourpost.com\/subdomain\/wp-content\/uploads\/2016\/11\/siteweb-icone.png\" alt=\"\" \/> <\/div><div class=\"iwt-text\"> FREEYOURPOST, S.L le informa que sus datos ser\u00e1n incluidos en ficheros registrados ante la Agencia Espa\u00f1ola de Protecci\u00f3n de Datos. La finalidad del tratamiento es responder a sus consultas y solicitudes, as\u00ed como enviarle informaci\u00f3n comercial por medios telem\u00e1ticos. Mediante el env\u00edo de sus datos presta el consentimiento a la inclusi\u00f3n de sus datos en el fichero de acuerdo a las anteriores finalidades. Puede ejercitar sus derechos de acceso, rectificaci\u00f3n, cancelaci\u00f3n, oposici\u00f3n mediante escrito adjuntando fotocopia de DNI a FREEYOURPOST, S.L. C\/ La torre 16 local 08006\u00a0Barcelona. O bien mediante correo electr\u00f3nico a la direcci\u00f3n <a href=\"mailto:info@freeyourpost.com\">info@freeyourpost.com<\/a> <\/div><div class=\"clear\"><\/div><\/div><div class=\"divider-wrap\"><div style=\"height: 70px;\" class=\"divider\"><\/div><\/div>[\/vc_column][\/vc_row]\n","protected":false},"excerpt":{"rendered":"<p>[vc_row type=\u00bbin_container\u00bb full_screen_row_position=\u00bbmiddle\u00bb scene_position=\u00bbcenter\u00bb text_color=\u00bbdark\u00bb text_align=\u00bbleft\u00bb overlay_strength=\u00bb0.3&#8243;][vc_column column_padding=\u00bbno-extra-padding\u00bb column_padding_position=\u00bball\u00bb background_color_opacity=\u00bb1&#8243; background_hover_color_opacity=\u00bb1&#8243; width=\u00bb1\/1&#8243; tablet_text_alignment=\u00bbdefault\u00bb phone_text_alignment=\u00bbdefault\u00bb][\/vc_column][\/vc_row][vc_row type=\u00bbfull_width_content\u00bb full_screen_row_position=\u00bbmiddle\u00bb scene_position=\u00bbcenter\u00bb text_color=\u00bbdark\u00bb text_align=\u00bbleft\u00bb overlay_strength=\u00bb0.3&#8243;][vc_column column_padding=\u00bbno-extra-padding\u00bb column_padding_position=\u00bball\u00bb background_color_opacity=\u00bb1&#8243; background_hover_color_opacity=\u00bb1&#8243; width=\u00bb1\/1&#8243; tablet_text_alignment=\u00bbdefault\u00bb phone_text_alignment=\u00bbdefault\u00bb][\/vc_column][\/vc_row][vc_row type=\u00bbin_container\u00bb full_screen_row_position=\u00bbmiddle\u00bb scene_position=\u00bbcenter\u00bb&#8230;<\/p>\n","protected":false},"author":9,"featured_media":0,"parent":0,"menu_order":0,"comment_status":"closed","ping_status":"closed","template":"","meta":{"footnotes":""},"yoast_head":"<!-- This site is optimized with the Yoast SEO plugin v23.5 - https:\/\/yoast.com\/wordpress\/plugins\/seo\/ -->\n<title>POL\u00cdTICA DE PRIVACIDAD | freeyourpost<\/title>\n<meta name=\"robots\" content=\"index, follow, max-snippet:-1, max-image-preview:large, max-video-preview:-1\" \/>\n<link rel=\"canonical\" href=\"https:\/\/freeyourpost.com\/es\/politica-de-privacidad\/\" \/>\n<meta property=\"og:locale\" content=\"es_ES\" \/>\n<meta property=\"og:type\" content=\"article\" \/>\n<meta property=\"og:title\" content=\"POL\u00cdTICA DE PRIVACIDAD | freeyourpost\" \/>\n<meta property=\"og:description\" content=\"[vc_row type=\u00bbin_container\u00bb full_screen_row_position=\u00bbmiddle\u00bb scene_position=\u00bbcenter\u00bb text_color=\u00bbdark\u00bb text_align=\u00bbleft\u00bb overlay_strength=\u00bb0.3&#8243;][vc_column column_padding=\u00bbno-extra-padding\u00bb column_padding_position=\u00bball\u00bb background_color_opacity=\u00bb1&#8243; background_hover_color_opacity=\u00bb1&#8243; width=\u00bb1\/1&#8243; tablet_text_alignment=\u00bbdefault\u00bb phone_text_alignment=\u00bbdefault\u00bb][\/vc_column][\/vc_row][vc_row type=\u00bbfull_width_content\u00bb full_screen_row_position=\u00bbmiddle\u00bb scene_position=\u00bbcenter\u00bb text_color=\u00bbdark\u00bb text_align=\u00bbleft\u00bb overlay_strength=\u00bb0.3&#8243;][vc_column column_padding=\u00bbno-extra-padding\u00bb column_padding_position=\u00bball\u00bb background_color_opacity=\u00bb1&#8243; background_hover_color_opacity=\u00bb1&#8243; width=\u00bb1\/1&#8243; tablet_text_alignment=\u00bbdefault\u00bb phone_text_alignment=\u00bbdefault\u00bb][\/vc_column][\/vc_row][vc_row type=\u00bbin_container\u00bb full_screen_row_position=\u00bbmiddle\u00bb scene_position=\u00bbcenter\u00bb...\" \/>\n<meta property=\"og:url\" content=\"https:\/\/freeyourpost.com\/es\/politica-de-privacidad\/\" \/>\n<meta property=\"og:site_name\" content=\"freeyourpost\" \/>\n<meta property=\"article:publisher\" content=\"https:\/\/www.facebook.com\/freeyourpost\/\" \/>\n<meta property=\"article:modified_time\" content=\"2016-11-02T00:23:38+00:00\" \/>\n<meta name=\"twitter:card\" content=\"summary_large_image\" \/>\n<meta name=\"twitter:site\" content=\"@freeyourpost\" \/>\n<meta name=\"twitter:label1\" content=\"Tiempo de lectura\" \/>\n\t<meta name=\"twitter:data1\" content=\"2 minutos\" \/>\n<script type=\"application\/ld+json\" class=\"yoast-schema-graph\">{\"@context\":\"https:\/\/schema.org\",\"@graph\":[{\"@type\":\"WebPage\",\"@id\":\"https:\/\/freeyourpost.com\/es\/politica-de-privacidad\/\",\"url\":\"https:\/\/freeyourpost.com\/es\/politica-de-privacidad\/\",\"name\":\"POL\u00cdTICA DE PRIVACIDAD | freeyourpost\",\"isPartOf\":{\"@id\":\"http:\/\/freeyourpost.com\/#website\"},\"datePublished\":\"2016-11-01T21:52:44+00:00\",\"dateModified\":\"2016-11-02T00:23:38+00:00\",\"breadcrumb\":{\"@id\":\"https:\/\/freeyourpost.com\/es\/politica-de-privacidad\/#breadcrumb\"},\"inLanguage\":\"es\",\"potentialAction\":[{\"@type\":\"ReadAction\",\"target\":[\"https:\/\/freeyourpost.com\/es\/politica-de-privacidad\/\"]}]},{\"@type\":\"BreadcrumbList\",\"@id\":\"https:\/\/freeyourpost.com\/es\/politica-de-privacidad\/#breadcrumb\",\"itemListElement\":[{\"@type\":\"ListItem\",\"position\":1,\"name\":\"Home\",\"item\":\"https:\/\/freeyourpost.com\/es\/\"},{\"@type\":\"ListItem\",\"position\":2,\"name\":\"POL\u00cdTICA DE PRIVACIDAD\"}]},{\"@type\":\"WebSite\",\"@id\":\"http:\/\/freeyourpost.com\/#website\",\"url\":\"http:\/\/freeyourpost.com\/\",\"name\":\"freeyourpost\",\"description\":\"post production management agency\",\"publisher\":{\"@id\":\"http:\/\/freeyourpost.com\/#organization\"},\"potentialAction\":[{\"@type\":\"SearchAction\",\"target\":{\"@type\":\"EntryPoint\",\"urlTemplate\":\"http:\/\/freeyourpost.com\/?s={search_term_string}\"},\"query-input\":{\"@type\":\"PropertyValueSpecification\",\"valueRequired\":true,\"valueName\":\"search_term_string\"}}],\"inLanguage\":\"es\"},{\"@type\":\"Organization\",\"@id\":\"http:\/\/freeyourpost.com\/#organization\",\"name\":\"Freeyourpost\",\"url\":\"http:\/\/freeyourpost.com\/\",\"logo\":{\"@type\":\"ImageObject\",\"inLanguage\":\"es\",\"@id\":\"http:\/\/freeyourpost.com\/#\/schema\/logo\/image\/\",\"url\":\"https:\/\/freeyourpost.com\/subdomain\/wp-content\/uploads\/2014\/05\/LogoFreeyourpost.png\",\"contentUrl\":\"https:\/\/freeyourpost.com\/subdomain\/wp-content\/uploads\/2014\/05\/LogoFreeyourpost.png\",\"width\":2100,\"height\":732,\"caption\":\"Freeyourpost\"},\"image\":{\"@id\":\"http:\/\/freeyourpost.com\/#\/schema\/logo\/image\/\"},\"sameAs\":[\"https:\/\/www.facebook.com\/freeyourpost\/\",\"https:\/\/x.com\/freeyourpost\",\"https:\/\/www.instagram.com\/freeyourpost\/\",\"https:\/\/es.linkedin.com\/company\/fypost\"]}]}<\/script>\n<!-- \/ Yoast SEO plugin. -->","yoast_head_json":{"title":"POL\u00cdTICA DE PRIVACIDAD | freeyourpost","robots":{"index":"index","follow":"follow","max-snippet":"max-snippet:-1","max-image-preview":"max-image-preview:large","max-video-preview":"max-video-preview:-1"},"canonical":"https:\/\/freeyourpost.com\/es\/politica-de-privacidad\/","og_locale":"es_ES","og_type":"article","og_title":"POL\u00cdTICA DE PRIVACIDAD | freeyourpost","og_description":"[vc_row type=\u00bbin_container\u00bb full_screen_row_position=\u00bbmiddle\u00bb scene_position=\u00bbcenter\u00bb text_color=\u00bbdark\u00bb text_align=\u00bbleft\u00bb overlay_strength=\u00bb0.3&#8243;][vc_column column_padding=\u00bbno-extra-padding\u00bb column_padding_position=\u00bball\u00bb background_color_opacity=\u00bb1&#8243; background_hover_color_opacity=\u00bb1&#8243; width=\u00bb1\/1&#8243; tablet_text_alignment=\u00bbdefault\u00bb phone_text_alignment=\u00bbdefault\u00bb][\/vc_column][\/vc_row][vc_row type=\u00bbfull_width_content\u00bb full_screen_row_position=\u00bbmiddle\u00bb scene_position=\u00bbcenter\u00bb text_color=\u00bbdark\u00bb text_align=\u00bbleft\u00bb overlay_strength=\u00bb0.3&#8243;][vc_column column_padding=\u00bbno-extra-padding\u00bb column_padding_position=\u00bball\u00bb background_color_opacity=\u00bb1&#8243; background_hover_color_opacity=\u00bb1&#8243; width=\u00bb1\/1&#8243; tablet_text_alignment=\u00bbdefault\u00bb phone_text_alignment=\u00bbdefault\u00bb][\/vc_column][\/vc_row][vc_row type=\u00bbin_container\u00bb full_screen_row_position=\u00bbmiddle\u00bb scene_position=\u00bbcenter\u00bb...","og_url":"https:\/\/freeyourpost.com\/es\/politica-de-privacidad\/","og_site_name":"freeyourpost","article_publisher":"https:\/\/www.facebook.com\/freeyourpost\/","article_modified_time":"2016-11-02T00:23:38+00:00","twitter_card":"summary_large_image","twitter_site":"@freeyourpost","twitter_misc":{"Tiempo de lectura":"2 minutos"},"schema":{"@context":"https:\/\/schema.org","@graph":[{"@type":"WebPage","@id":"https:\/\/freeyourpost.com\/es\/politica-de-privacidad\/","url":"https:\/\/freeyourpost.com\/es\/politica-de-privacidad\/","name":"POL\u00cdTICA DE PRIVACIDAD | freeyourpost","isPartOf":{"@id":"http:\/\/freeyourpost.com\/#website"},"datePublished":"2016-11-01T21:52:44+00:00","dateModified":"2016-11-02T00:23:38+00:00","breadcrumb":{"@id":"https:\/\/freeyourpost.com\/es\/politica-de-privacidad\/#breadcrumb"},"inLanguage":"es","potentialAction":[{"@type":"ReadAction","target":["https:\/\/freeyourpost.com\/es\/politica-de-privacidad\/"]}]},{"@type":"BreadcrumbList","@id":"https:\/\/freeyourpost.com\/es\/politica-de-privacidad\/#breadcrumb","itemListElement":[{"@type":"ListItem","position":1,"name":"Home","item":"https:\/\/freeyourpost.com\/es\/"},{"@type":"ListItem","position":2,"name":"POL\u00cdTICA DE PRIVACIDAD"}]},{"@type":"WebSite","@id":"http:\/\/freeyourpost.com\/#website","url":"http:\/\/freeyourpost.com\/","name":"freeyourpost","description":"post production management agency","publisher":{"@id":"http:\/\/freeyourpost.com\/#organization"},"potentialAction":[{"@type":"SearchAction","target":{"@type":"EntryPoint","urlTemplate":"http:\/\/freeyourpost.com\/?s={search_term_string}"},"query-input":{"@type":"PropertyValueSpecification","valueRequired":true,"valueName":"search_term_string"}}],"inLanguage":"es"},{"@type":"Organization","@id":"http:\/\/freeyourpost.com\/#organization","name":"Freeyourpost","url":"http:\/\/freeyourpost.com\/","logo":{"@type":"ImageObject","inLanguage":"es","@id":"http:\/\/freeyourpost.com\/#\/schema\/logo\/image\/","url":"https:\/\/freeyourpost.com\/subdomain\/wp-content\/uploads\/2014\/05\/LogoFreeyourpost.png","contentUrl":"https:\/\/freeyourpost.com\/subdomain\/wp-content\/uploads\/2014\/05\/LogoFreeyourpost.png","width":2100,"height":732,"caption":"Freeyourpost"},"image":{"@id":"http:\/\/freeyourpost.com\/#\/schema\/logo\/image\/"},"sameAs":["https:\/\/www.facebook.com\/freeyourpost\/","https:\/\/x.com\/freeyourpost","https:\/\/www.instagram.com\/freeyourpost\/","https:\/\/es.linkedin.com\/company\/fypost"]}]}},"_links":{"self":[{"href":"https:\/\/freeyourpost.com\/es\/wp-json\/wp\/v2\/pages\/2931"}],"collection":[{"href":"https:\/\/freeyourpost.com\/es\/wp-json\/wp\/v2\/pages"}],"about":[{"href":"https:\/\/freeyourpost.com\/es\/wp-json\/wp\/v2\/types\/page"}],"author":[{"embeddable":true,"href":"https:\/\/freeyourpost.com\/es\/wp-json\/wp\/v2\/users\/9"}],"replies":[{"embeddable":true,"href":"https:\/\/freeyourpost.com\/es\/wp-json\/wp\/v2\/comments?post=2931"}],"version-history":[{"count":2,"href":"https:\/\/freeyourpost.com\/es\/wp-json\/wp\/v2\/pages\/2931\/revisions"}],"predecessor-version":[{"id":2971,"href":"https:\/\/freeyourpost.com\/es\/wp-json\/wp\/v2\/pages\/2931\/revisions\/2971"}],"wp:attachment":[{"href":"https:\/\/freeyourpost.com\/es\/wp-json\/wp\/v2\/media?parent=2931"}],"curies":[{"name":"wp","href":"https:\/\/api.w.org\/{rel}","templated":true}]}}