{"id":2932,"date":"2016-11-01T22:03:06","date_gmt":"2016-11-01T22:03:06","guid":{"rendered":"https:\/\/freeyourpost.com\/es\/?page_id=2932"},"modified":"2016-12-17T04:24:54","modified_gmt":"2016-12-17T04:24:54","slug":"condiciones-de-uso","status":"publish","type":"page","link":"https:\/\/freeyourpost.com\/es\/condiciones-de-uso\/","title":{"rendered":"CONDICIONES DE USO"},"content":{"rendered":"[vc_row type=\u00bbin_container\u00bb full_screen_row_position=\u00bbmiddle\u00bb scene_position=\u00bbcenter\u00bb text_color=\u00bbdark\u00bb text_align=\u00bbleft\u00bb overlay_strength=\u00bb0.3&#8243;][vc_column column_padding=\u00bbno-extra-padding\u00bb column_padding_position=\u00bball\u00bb background_color_opacity=\u00bb1&#8243; background_hover_color_opacity=\u00bb1&#8243; width=\u00bb1\/1&#8243; tablet_text_alignment=\u00bbdefault\u00bb phone_text_alignment=\u00bbdefault\u00bb]<div class=\"divider-wrap\"><div style=\"height: 20px;\" class=\"divider\"><\/div><\/div>[\/vc_column][\/vc_row][vc_row type=\u00bbfull_width_content\u00bb full_screen_row_position=\u00bbmiddle\u00bb scene_position=\u00bbcenter\u00bb text_color=\u00bbdark\u00bb text_align=\u00bbleft\u00bb overlay_strength=\u00bb0.3&#8243;][vc_column column_padding=\u00bbno-extra-padding\u00bb column_padding_position=\u00bball\u00bb background_color_opacity=\u00bb1&#8243; background_hover_color_opacity=\u00bb1&#8243; width=\u00bb1\/1&#8243; tablet_text_alignment=\u00bbdefault\u00bb phone_text_alignment=\u00bbdefault\u00bb]<div class=\"img-with-aniamtion-wrap center\" data-max-width=\"100%\"><div class=\"inner\"><img decoding=\"async\" data-shadow=\"none\" data-shadow-direction=\"middle\" class=\"img-with-animation \" data-delay=\"120\" height=\"100%\" width=\"100%\" data-animation=\"fade-in\" src=\"https:\/\/freeyourpost.com\/subdomain\/wp-content\/uploads\/2016\/10\/logo-copy.png\" alt=\"\" \/><\/div><\/div>[\/vc_column][\/vc_row][vc_row type=\u00bbin_container\u00bb full_screen_row_position=\u00bbmiddle\u00bb scene_position=\u00bbcenter\u00bb text_color=\u00bbdark\u00bb text_align=\u00bbleft\u00bb overlay_strength=\u00bb0.3&#8243;][vc_column column_padding=\u00bbno-extra-padding\u00bb column_padding_position=\u00bball\u00bb background_color_opacity=\u00bb1&#8243; background_hover_color_opacity=\u00bb1&#8243; width=\u00bb1\/1&#8243; tablet_text_alignment=\u00bbdefault\u00bb phone_text_alignment=\u00bbdefault\u00bb]<div class=\"divider-wrap\"><div style=\"height: 70px;\" class=\"divider\"><\/div><\/div><div class=\"iwithtext\"><div class=\"iwt-icon\"> <img decoding=\"async\" src=\"https:\/\/freeyourpost.com\/subdomain\/wp-content\/uploads\/2016\/11\/siteweb-icone.png\" alt=\"\" \/> <\/div><div class=\"iwt-text\"> <strong>INFORMACI\u00d3N MERCANTIL<\/strong><\/p>\n<p>FREEYOURPOST\u00a0S.L. con domicilio en C\/ De la torre 14, local\u00a0y CIF B-66346164 (en adelante \u201cFREEYOURPOST\u00a0\u201d).<\/p>\n<p>Para comunicarse con FREEYOURPOST\u00a0de manera directa y efectiva, el usuario podr\u00e1 dirigirse a la direcci\u00f3n de correo electr\u00f3nico <a href=\"mailto:info@freeyourpost.com\">info@freeyourpost.com<\/a><\/p>\n<p><strong>CONDICIONES Y NAVEGACI\u00d3N DEL SITIO WEB<\/strong><\/p>\n<p>Estas condiciones de uso regulan el acceso al sitio web de FREEYOURPOST\u00a0en la URL (<a href=\"http:\/\/www.freeyourpost.com\">www.freeyourpost.com<\/a>) (en adelante el \u201csitio web\u201d).<\/p>\n<p>Pese a que \u00e9stas son las condiciones de uso actuales, a fin de mejorar el servicio, FREEYOURPOST\u00a0se reserva el derecho a modificar la presentaci\u00f3n, configuraci\u00f3n y contenido del sitio web, as\u00ed como tambi\u00e9n las condiciones requeridas para su acceso y\/o utilizaci\u00f3n. El acceso y utilizaci\u00f3n de los contenidos y servicios tras la entrada en vigor de sus modificaciones o los cambios en las condiciones implica su aceptaci\u00f3n.<\/p>\n<p>El sitio web de FREEYOURPOST\u00a0se rige por las leyes espa\u00f1olas y por la legislaci\u00f3n nacional e internacional sobre propiedad intelectual e industrial. FREEYOURPOST\u00a0es el \u00fanico titular del sitio web.<\/p>\n<p>Para navegar en el sitio web, el usuario se compromete a utilizarla de conformidad con la ley, respetando estas condiciones de uso. Al utilizar el sitio web, el usuario manifiesta su conformidad con estas condiciones de uso, comprometi\u00e9ndose a no transmitir, difundir o poner a disposici\u00f3n de terceros a trav\u00e9s de los servicios proporcionados por FREEYOURPOST\u00a0cualquier clase de material que de cualquier forma contravenga la legislaci\u00f3n vigente.<\/p>\n<p><strong>PROPIEDAD INTELECTUAL<\/strong><\/p>\n<p>Quedan reservados todos los derechos de Propiedad Intelectual e Industrial sobre los contenidos y\/o servicios y, en particular, queda prohibido modificar, copiar, reproducir, comunicar p\u00fablicamente, transformar o distribuir de cualquier forma la totalidad o parte de los contenidos y\/o servicio incluidos en el sitio web, para prop\u00f3sitos p\u00fablicos o comerciales, si no se cuenta con la autorizaci\u00f3n previa, expresa y por escrito de FREEYOURPOST\u00a0o, en su caso, del titular de los derechos correspondientes.<\/p>\n<p>Asimismo, las referencias a nombres y marcas comerciales o registradas, logotipos u otros signos distintivos, ya sean titularidad de FREEYOURPOST\u00a0o de terceras empresas, llevan impl\u00edcitas la prohibici\u00f3n sobre su uso sin el consentimiento de FREEYOURPOST\u00a0o de sus leg\u00edtimos propietarios.<\/p>\n<p>RESPONSABILIDAD DEL SITIO WEB<\/p>\n<p>FREEYOURPOST\u00a0no puede garantizar la fiabilidad, utilidad o veracidad de los servicios o de la informaci\u00f3n que se preste a trav\u00e9s del sitio web, ni tampoco de la utilidad o veracidad de la documentaci\u00f3n que aparece.<\/p>\n<p>En consecuencia, FREEYOURPOST\u00a0no garantiza ni se hace responsable de: (i) la continuidad de los contenidos del sitio web; (ii) la ausencia de errores en dichos contenidos o productos; (iii) la ausencia de virus y\/o dem\u00e1s componentes da\u00f1inos en el sitio web o en el servidor que la suministra; (iv) la invulnerabilidad del sitio web y\/o la inexpugnabilidad de las medidas de seguridad que se adopten en la misma; (v) la falta de utilidad o rendimiento de los contenidos y productos del sitio web; (vi) los da\u00f1os o perjuicios que cause, a s\u00ed mismo o a un tercero, cualquier persona que infringiera las condiciones, normas e instrucciones que FREEYOURPOST\u00a0establece en el sitio web o a trav\u00e9s de la vulneraci\u00f3n de los sistemas de seguridad del sitio web.<\/p>\n<p>Navegando en el sitio web el usuario se compromete a hacer un uso adecuado de los contenidos y servicios ofrecidos y a no emplearlos para: (i) incurrir en actividades il\u00edcitas, ilegales o contrarias a la buena fe y al orden p\u00fablico; (ii) provocar da\u00f1os en los sistemas f\u00edsicos y l\u00f3gicos de FREEYOURPOST\u00a0, de sus proveedores o de terceras personas, introducir o difundir en la red virus inform\u00e1ticos o cualesquiera otros sistemas f\u00edsicos o l\u00f3gicos que sean susceptibles de provocar los da\u00f1os anteriormente mencionados.<\/p>\n<p><strong>POL\u00cdTICA DE ENLACES<\/strong><\/p>\n<p>En caso de que el usuario encuentre en el sitio web enlaces a otras p\u00e1ginas web mediante diferentes botones, links, banners, etc., se ha de tener presente que \u00e9stos son gestionados por terceros. FREEYOURPOST\u00a0no tiene facultad ni medios humanos ni t\u00e9cnicos para conocer, controlar ni aprobar toda la informaci\u00f3n, contenidos, productos o servicios facilitados por otros sitios web a los que se puedan establecer enlaces desde el sitio web. En consecuencia, Unitecnic no podr\u00e1 asumir ning\u00fan tipo de responsabilidad al respecto.<\/p>\n<p>En este sentido, si el usuario tuviera conocimiento de la ilicitud de actividades desarrolladas a trav\u00e9s de estas p\u00e1ginas Web de terceros, deber\u00eda comunicarlo inmediatamente a FREEYOURPOST\u00a0a los efectos de que se proceda a deshabilitar el enlace de acceso a la misma. El establecimiento de cualquier tipo de enlace desde el Sitio Web a otro sitio web ajeno no implicar\u00e1 que exista alg\u00fan tipo de relaci\u00f3n, colaboraci\u00f3n o dependencia entre Unitecnic y el responsable del sitio web ajeno.<\/p>\n<p><strong>POL\u00cdTICA DE PRIVACIDAD<\/strong><\/p>\n<p>FREEYOURPOST\u00a0informa al usuario que sus datos ser\u00e1n incluidos en ficheros registrados ante la Agencia Espa\u00f1ola de Protecci\u00f3n de Datos. La finalidad del tratamiento es responder a sus consultas y solicitudes, as\u00ed como enviarle informaci\u00f3n comercial por medios telem\u00e1ticos. Mediante el env\u00edo de sus datos presta el consentimiento a la inclusi\u00f3n de sus datos en el fichero de acuerdo a las anteriores finalidades. Puede ejercitar sus derechos de acceso, rectificaci\u00f3n, cancelaci\u00f3n, oposici\u00f3n mediante escrito adjuntando fotocopia de DNI a SERVICIOS INTEGRALES FREEYOURPOST\u00a0, S.L. Avda. Diagonal 177-183, Edifici Imagina, planta 13, 08018 Barcelona. O bien mediante correo electr\u00f3nico a la direcci\u00f3n <a href=\"mailto:info@freeyourpost.com\">info@freeyourpost.com<\/a><\/p>\n<p><strong>COOKIES<\/strong><\/p>\n<p>Las \u201ccookies\u201d son peque\u00f1os archivos de texto que se almacenan en el ordenador del usuario cuando visita sitios web. Su utilizaci\u00f3n es muy \u00fatil para que estos sitios funcionen de una manera m\u00e1s eficiente: por ejemplo, si un usuario selecciona su idioma preferido en la \u201chome\u201d, el sitio web recordar\u00e1 esta preferencia y el usuario podr\u00e1 continuar navegando por el sitio web en el idioma elegido.<\/p>\n<p>Las cookies pueden dividirse entre \u201ccookie de origen\u201d y \u201ccookie de terceros\u201d:<\/p>\n<ul>\n<li>\u201ccookie de origen\u201d: creada por el responsable del tratamiento de datos que opera el Sitio Web, en el presente caso FREEYOURPOST\u00a0como titular del sitio web <a href=\"http:\/\/www.freeyourpost.com\">www.freeyourpost.com<\/a><\/li>\n<li>\u201ccookie de terceros\u201d: creada por responsables del tratamiento de datos que no operan el sitio web visitado por el usuario, es decir, terceras empresas ajenas a FREEYOURPOST\u00a0.<\/li>\n<\/ul>\n<p>El Sitio Web de FREEYOURPOST\u00a0utiliza las siguientes \u201ccookies\u201d:<\/p>\n<table style=\"height: 460px;\" width=\"815\">\n<tbody>\n<tr>\n<td><strong><em>Cookie<\/em><\/strong><\/td>\n<td><strong>Finalidad<\/strong><\/td>\n<td><strong>Duraci\u00f3n de la \u201c<em>cookie<\/em>\u201d<\/strong><\/td>\n<\/tr>\n<tr>\n<td>De sesi\u00f3n<\/p>\n<p>(cookie de origen)<\/td>\n<td>Se utiliza para identificar a los usuarios registrados en FREEYOURPOST\u00a0. Es necesaria para evitar tener que seleccionar el idioma preferido en cada p\u00e1gina web que acceda de FREEYOURPOST<\/td>\n<td>Expira al finalizar la sesi\u00f3n. No obstante, el usuario puede optar por \u201crecordar\u201d su inicio de sesi\u00f3n, en ese caso a\u00f1adimos una cookie persistente. Expira al cabo de un mes<\/td>\n<\/tr>\n<tr>\n<td>Google Analytics<\/p>\n<p>(cookie de terceros)<\/td>\n<td>An\u00e1lisis de perfiles de usuario, medici\u00f3n de datos de tr\u00e1fico<\/td>\n<td>Google controla el tiempo de expiraci\u00f3n de estas cookies. Normalmente suelen expirar al cabo de dos a\u00f1os<\/td>\n<\/tr>\n<tr>\n<td>Drupal<\/p>\n<p>(cookie de terceros)<\/td>\n<td>Informa al Content Management System si el usuario tiene javascript activado en las opciones del navegador.<\/td>\n<td>Expira al finalizar la sesi\u00f3n<\/td>\n<\/tr>\n<\/tbody>\n<\/table>\n<p>FREEYOURPOST entiende que mediante la navegaci\u00f3n del usuario a trav\u00e9s del Sitio Web ha sido informado y consiente la instalaci\u00f3n de las anteriores \u201ccookies\u201d en su ordenador.<\/p>\n<p>De todas formas, el usuario siempre podr\u00e1 personalizar el uso de \u201ccookies\u201d, as\u00ed como impedir la recopilaci\u00f3n de \u201ccookies\u201d modificando las opciones del navegador del propio usuario, entre los m\u00e1s comunes:<\/p>\n<ul>\n<li>Firefox: Opciones\\Privacidad\\Rastreo\\decir a los sitios web que no deseo ser rastreado<\/li>\n<li>Chrome: Men\u00fa de Chrome\\Configuraci\u00f3n\\Mostrar opciones avanzadas\\Privacidad\\Configuraci\u00f3n del contenido\\Cookies\\bloquear cookies de forma predeterminada<\/li>\n<li>Safari: Preferencias\\ Privacidad\\Bloquear Cookies<\/li>\n<li>Explorer: Herramientas\\Opciones de Internet\\Privacidad\\Configuraci\u00f3n\\ mueva el control deslizante totalmente hacia arriba para bloquear todas las cookies o totalmente hacia abajo para permitir todas las cookies y, a continuaci\u00f3n, haga clic en Aceptar.<\/li>\n<\/ul>\n<p><strong>LEGISLACI\u00d3N<\/strong><\/p>\n<p>Las relaciones establecidas entre FREEYOURPOST\u00a0y el usuario se regir\u00e1n por lo dispuesto en la normativa espa\u00f1ola vigente. En el caso de que cualquier disposici\u00f3n o disposiciones de estas condiciones generales fuera(n) considerada(s) nula(s) o inaplicable(s), en su totalidad o en parte, por cualquier Juzgado, Tribunal u \u00f3rgano administrativo competente, dicha nulidad o inaplicaci\u00f3n no afectar\u00e1 a las otras disposiciones de las condiciones generales.<\/p>\n<p>El usuario declara expresamente conocer el contenido de las presentes condiciones y aceptar la totalidad obligaciones impuestas por las mismas. <\/div><div class=\"clear\"><\/div><\/div><div class=\"divider-wrap\"><div style=\"height: 70px;\" class=\"divider\"><\/div><\/div>[\/vc_column][\/vc_row]\n","protected":false},"excerpt":{"rendered":"<p>[vc_row type=\u00bbin_container\u00bb full_screen_row_position=\u00bbmiddle\u00bb scene_position=\u00bbcenter\u00bb text_color=\u00bbdark\u00bb text_align=\u00bbleft\u00bb overlay_strength=\u00bb0.3&#8243;][vc_column column_padding=\u00bbno-extra-padding\u00bb column_padding_position=\u00bball\u00bb background_color_opacity=\u00bb1&#8243; background_hover_color_opacity=\u00bb1&#8243; width=\u00bb1\/1&#8243; tablet_text_alignment=\u00bbdefault\u00bb phone_text_alignment=\u00bbdefault\u00bb][\/vc_column][\/vc_row][vc_row type=\u00bbfull_width_content\u00bb full_screen_row_position=\u00bbmiddle\u00bb scene_position=\u00bbcenter\u00bb text_color=\u00bbdark\u00bb text_align=\u00bbleft\u00bb overlay_strength=\u00bb0.3&#8243;][vc_column column_padding=\u00bbno-extra-padding\u00bb column_padding_position=\u00bball\u00bb background_color_opacity=\u00bb1&#8243; background_hover_color_opacity=\u00bb1&#8243; width=\u00bb1\/1&#8243; tablet_text_alignment=\u00bbdefault\u00bb phone_text_alignment=\u00bbdefault\u00bb][\/vc_column][\/vc_row][vc_row type=\u00bbin_container\u00bb full_screen_row_position=\u00bbmiddle\u00bb scene_position=\u00bbcenter\u00bb&#8230;<\/p>\n","protected":false},"author":9,"featured_media":0,"parent":0,"menu_order":0,"comment_status":"closed","ping_status":"closed","template":"","meta":{"footnotes":""},"yoast_head":"<!-- This site is optimized with the Yoast SEO plugin v23.5 - https:\/\/yoast.com\/wordpress\/plugins\/seo\/ -->\n<title>CONDICIONES DE USO | freeyourpost<\/title>\n<meta name=\"robots\" content=\"index, follow, max-snippet:-1, max-image-preview:large, max-video-preview:-1\" \/>\n<link rel=\"canonical\" href=\"http:\/\/freeyourpost.com\/es\/condiciones-de-uso\/\" \/>\n<meta property=\"og:locale\" content=\"es_ES\" \/>\n<meta property=\"og:type\" content=\"article\" \/>\n<meta property=\"og:title\" content=\"CONDICIONES DE USO | freeyourpost\" \/>\n<meta property=\"og:description\" content=\"[vc_row type=\u00bbin_container\u00bb full_screen_row_position=\u00bbmiddle\u00bb scene_position=\u00bbcenter\u00bb text_color=\u00bbdark\u00bb text_align=\u00bbleft\u00bb overlay_strength=\u00bb0.3&#8243;][vc_column column_padding=\u00bbno-extra-padding\u00bb column_padding_position=\u00bball\u00bb background_color_opacity=\u00bb1&#8243; background_hover_color_opacity=\u00bb1&#8243; width=\u00bb1\/1&#8243; tablet_text_alignment=\u00bbdefault\u00bb phone_text_alignment=\u00bbdefault\u00bb][\/vc_column][\/vc_row][vc_row type=\u00bbfull_width_content\u00bb full_screen_row_position=\u00bbmiddle\u00bb scene_position=\u00bbcenter\u00bb text_color=\u00bbdark\u00bb text_align=\u00bbleft\u00bb overlay_strength=\u00bb0.3&#8243;][vc_column column_padding=\u00bbno-extra-padding\u00bb column_padding_position=\u00bball\u00bb background_color_opacity=\u00bb1&#8243; background_hover_color_opacity=\u00bb1&#8243; width=\u00bb1\/1&#8243; tablet_text_alignment=\u00bbdefault\u00bb phone_text_alignment=\u00bbdefault\u00bb][\/vc_column][\/vc_row][vc_row type=\u00bbin_container\u00bb full_screen_row_position=\u00bbmiddle\u00bb scene_position=\u00bbcenter\u00bb...\" \/>\n<meta property=\"og:url\" content=\"http:\/\/freeyourpost.com\/es\/condiciones-de-uso\/\" \/>\n<meta property=\"og:site_name\" content=\"freeyourpost\" \/>\n<meta property=\"article:publisher\" content=\"https:\/\/www.facebook.com\/freeyourpost\/\" \/>\n<meta property=\"article:modified_time\" content=\"2016-12-17T04:24:54+00:00\" \/>\n<meta name=\"twitter:card\" content=\"summary_large_image\" \/>\n<meta name=\"twitter:site\" content=\"@freeyourpost\" \/>\n<meta name=\"twitter:label1\" content=\"Tiempo de lectura\" \/>\n\t<meta name=\"twitter:data1\" content=\"8 minutos\" \/>\n<script type=\"application\/ld+json\" class=\"yoast-schema-graph\">{\"@context\":\"https:\/\/schema.org\",\"@graph\":[{\"@type\":\"WebPage\",\"@id\":\"http:\/\/freeyourpost.com\/es\/condiciones-de-uso\/\",\"url\":\"http:\/\/freeyourpost.com\/es\/condiciones-de-uso\/\",\"name\":\"CONDICIONES DE USO | freeyourpost\",\"isPartOf\":{\"@id\":\"http:\/\/freeyourpost.com\/#website\"},\"datePublished\":\"2016-11-01T22:03:06+00:00\",\"dateModified\":\"2016-12-17T04:24:54+00:00\",\"breadcrumb\":{\"@id\":\"http:\/\/freeyourpost.com\/es\/condiciones-de-uso\/#breadcrumb\"},\"inLanguage\":\"es\",\"potentialAction\":[{\"@type\":\"ReadAction\",\"target\":[\"http:\/\/freeyourpost.com\/es\/condiciones-de-uso\/\"]}]},{\"@type\":\"BreadcrumbList\",\"@id\":\"http:\/\/freeyourpost.com\/es\/condiciones-de-uso\/#breadcrumb\",\"itemListElement\":[{\"@type\":\"ListItem\",\"position\":1,\"name\":\"Home\",\"item\":\"https:\/\/freeyourpost.com\/es\/\"},{\"@type\":\"ListItem\",\"position\":2,\"name\":\"CONDICIONES DE USO\"}]},{\"@type\":\"WebSite\",\"@id\":\"http:\/\/freeyourpost.com\/#website\",\"url\":\"http:\/\/freeyourpost.com\/\",\"name\":\"freeyourpost\",\"description\":\"post production management agency\",\"publisher\":{\"@id\":\"http:\/\/freeyourpost.com\/#organization\"},\"potentialAction\":[{\"@type\":\"SearchAction\",\"target\":{\"@type\":\"EntryPoint\",\"urlTemplate\":\"http:\/\/freeyourpost.com\/?s={search_term_string}\"},\"query-input\":{\"@type\":\"PropertyValueSpecification\",\"valueRequired\":true,\"valueName\":\"search_term_string\"}}],\"inLanguage\":\"es\"},{\"@type\":\"Organization\",\"@id\":\"http:\/\/freeyourpost.com\/#organization\",\"name\":\"Freeyourpost\",\"url\":\"http:\/\/freeyourpost.com\/\",\"logo\":{\"@type\":\"ImageObject\",\"inLanguage\":\"es\",\"@id\":\"http:\/\/freeyourpost.com\/#\/schema\/logo\/image\/\",\"url\":\"https:\/\/freeyourpost.com\/subdomain\/wp-content\/uploads\/2014\/05\/LogoFreeyourpost.png\",\"contentUrl\":\"https:\/\/freeyourpost.com\/subdomain\/wp-content\/uploads\/2014\/05\/LogoFreeyourpost.png\",\"width\":2100,\"height\":732,\"caption\":\"Freeyourpost\"},\"image\":{\"@id\":\"http:\/\/freeyourpost.com\/#\/schema\/logo\/image\/\"},\"sameAs\":[\"https:\/\/www.facebook.com\/freeyourpost\/\",\"https:\/\/x.com\/freeyourpost\",\"https:\/\/www.instagram.com\/freeyourpost\/\",\"https:\/\/es.linkedin.com\/company\/fypost\"]}]}<\/script>\n<!-- \/ Yoast SEO plugin. -->","yoast_head_json":{"title":"CONDICIONES DE USO | freeyourpost","robots":{"index":"index","follow":"follow","max-snippet":"max-snippet:-1","max-image-preview":"max-image-preview:large","max-video-preview":"max-video-preview:-1"},"canonical":"http:\/\/freeyourpost.com\/es\/condiciones-de-uso\/","og_locale":"es_ES","og_type":"article","og_title":"CONDICIONES DE USO | freeyourpost","og_description":"[vc_row type=\u00bbin_container\u00bb full_screen_row_position=\u00bbmiddle\u00bb scene_position=\u00bbcenter\u00bb text_color=\u00bbdark\u00bb text_align=\u00bbleft\u00bb overlay_strength=\u00bb0.3&#8243;][vc_column column_padding=\u00bbno-extra-padding\u00bb column_padding_position=\u00bball\u00bb background_color_opacity=\u00bb1&#8243; background_hover_color_opacity=\u00bb1&#8243; width=\u00bb1\/1&#8243; tablet_text_alignment=\u00bbdefault\u00bb phone_text_alignment=\u00bbdefault\u00bb][\/vc_column][\/vc_row][vc_row type=\u00bbfull_width_content\u00bb full_screen_row_position=\u00bbmiddle\u00bb scene_position=\u00bbcenter\u00bb text_color=\u00bbdark\u00bb text_align=\u00bbleft\u00bb overlay_strength=\u00bb0.3&#8243;][vc_column column_padding=\u00bbno-extra-padding\u00bb column_padding_position=\u00bball\u00bb background_color_opacity=\u00bb1&#8243; background_hover_color_opacity=\u00bb1&#8243; width=\u00bb1\/1&#8243; tablet_text_alignment=\u00bbdefault\u00bb phone_text_alignment=\u00bbdefault\u00bb][\/vc_column][\/vc_row][vc_row type=\u00bbin_container\u00bb full_screen_row_position=\u00bbmiddle\u00bb scene_position=\u00bbcenter\u00bb...","og_url":"http:\/\/freeyourpost.com\/es\/condiciones-de-uso\/","og_site_name":"freeyourpost","article_publisher":"https:\/\/www.facebook.com\/freeyourpost\/","article_modified_time":"2016-12-17T04:24:54+00:00","twitter_card":"summary_large_image","twitter_site":"@freeyourpost","twitter_misc":{"Tiempo de lectura":"8 minutos"},"schema":{"@context":"https:\/\/schema.org","@graph":[{"@type":"WebPage","@id":"http:\/\/freeyourpost.com\/es\/condiciones-de-uso\/","url":"http:\/\/freeyourpost.com\/es\/condiciones-de-uso\/","name":"CONDICIONES DE USO | freeyourpost","isPartOf":{"@id":"http:\/\/freeyourpost.com\/#website"},"datePublished":"2016-11-01T22:03:06+00:00","dateModified":"2016-12-17T04:24:54+00:00","breadcrumb":{"@id":"http:\/\/freeyourpost.com\/es\/condiciones-de-uso\/#breadcrumb"},"inLanguage":"es","potentialAction":[{"@type":"ReadAction","target":["http:\/\/freeyourpost.com\/es\/condiciones-de-uso\/"]}]},{"@type":"BreadcrumbList","@id":"http:\/\/freeyourpost.com\/es\/condiciones-de-uso\/#breadcrumb","itemListElement":[{"@type":"ListItem","position":1,"name":"Home","item":"https:\/\/freeyourpost.com\/es\/"},{"@type":"ListItem","position":2,"name":"CONDICIONES DE USO"}]},{"@type":"WebSite","@id":"http:\/\/freeyourpost.com\/#website","url":"http:\/\/freeyourpost.com\/","name":"freeyourpost","description":"post production management agency","publisher":{"@id":"http:\/\/freeyourpost.com\/#organization"},"potentialAction":[{"@type":"SearchAction","target":{"@type":"EntryPoint","urlTemplate":"http:\/\/freeyourpost.com\/?s={search_term_string}"},"query-input":{"@type":"PropertyValueSpecification","valueRequired":true,"valueName":"search_term_string"}}],"inLanguage":"es"},{"@type":"Organization","@id":"http:\/\/freeyourpost.com\/#organization","name":"Freeyourpost","url":"http:\/\/freeyourpost.com\/","logo":{"@type":"ImageObject","inLanguage":"es","@id":"http:\/\/freeyourpost.com\/#\/schema\/logo\/image\/","url":"https:\/\/freeyourpost.com\/subdomain\/wp-content\/uploads\/2014\/05\/LogoFreeyourpost.png","contentUrl":"https:\/\/freeyourpost.com\/subdomain\/wp-content\/uploads\/2014\/05\/LogoFreeyourpost.png","width":2100,"height":732,"caption":"Freeyourpost"},"image":{"@id":"http:\/\/freeyourpost.com\/#\/schema\/logo\/image\/"},"sameAs":["https:\/\/www.facebook.com\/freeyourpost\/","https:\/\/x.com\/freeyourpost","https:\/\/www.instagram.com\/freeyourpost\/","https:\/\/es.linkedin.com\/company\/fypost"]}]}},"_links":{"self":[{"href":"https:\/\/freeyourpost.com\/es\/wp-json\/wp\/v2\/pages\/2932"}],"collection":[{"href":"https:\/\/freeyourpost.com\/es\/wp-json\/wp\/v2\/pages"}],"about":[{"href":"https:\/\/freeyourpost.com\/es\/wp-json\/wp\/v2\/types\/page"}],"author":[{"embeddable":true,"href":"https:\/\/freeyourpost.com\/es\/wp-json\/wp\/v2\/users\/9"}],"replies":[{"embeddable":true,"href":"https:\/\/freeyourpost.com\/es\/wp-json\/wp\/v2\/comments?post=2932"}],"version-history":[{"count":3,"href":"https:\/\/freeyourpost.com\/es\/wp-json\/wp\/v2\/pages\/2932\/revisions"}],"predecessor-version":[{"id":3384,"href":"https:\/\/freeyourpost.com\/es\/wp-json\/wp\/v2\/pages\/2932\/revisions\/3384"}],"wp:attachment":[{"href":"https:\/\/freeyourpost.com\/es\/wp-json\/wp\/v2\/media?parent=2932"}],"curies":[{"name":"wp","href":"https:\/\/api.w.org\/{rel}","templated":true}]}}