{"id":7468,"date":"2019-10-03T00:36:13","date_gmt":"2019-10-02T23:36:13","guid":{"rendered":"http:\/\/freeyourpost.com\/es\/?page_id=7468"},"modified":"2024-03-21T12:30:36","modified_gmt":"2024-03-21T11:30:36","slug":"musica","status":"publish","type":"page","link":"https:\/\/freeyourpost.com\/es\/musica\/","title":{"rendered":"M\u00fasica"},"content":{"rendered":"[vc_row type=\u00bbfull_width_background\u00bb full_screen_row_position=\u00bbmiddle\u00bb bg_color=\u00bb#00a7a8&#8243; scene_position=\u00bbcenter\u00bb text_color=\u00bblight\u00bb text_align=\u00bbcenter\u00bb top_padding=\u00bb40&#8243; bottom_padding=\u00bb40&#8243; overlay_strength=\u00bb0.3&#8243;][vc_column centered_text=\u00bbtrue\u00bb column_padding=\u00bbno-extra-padding\u00bb column_padding_position=\u00bball\u00bb background_color_opacity=\u00bb1&#8243; background_hover_color_opacity=\u00bb1&#8243; width=\u00bb1\/1&#8243; tablet_text_alignment=\u00bbdefault\u00bb phone_text_alignment=\u00bbdefault\u00bb][vc_column_text]\n<h1 style=\"text-align: center;\"><span style=\"color: #ffffff;\"><strong>M\u00daSICA PARA TUS PROYECTOS<\/strong><\/span><\/h1>\n<h4 style=\"text-align: left;\"><span style=\"color: #00a7a8;\">\u00a0<\/span><\/h4>\n<h3 style=\"text-align: center;\"><span style=\"color: #ffffff;\">Tramitar licencias, permisos y la inversi\u00f3n de tiempo y dinero ya no es un problema.<br \/>\nMiles de m\u00fasicas de alta calidad de artistas y compositores reconocidos de todo tipo de g\u00e9neros que podr\u00e1s utilizar libremente.<br \/>\nGesti\u00f3n completa para cualquier proyecto de ficci\u00f3n y\/o documental, tanto si es m\u00fasica de nuestro cat\u00e1logo como propiedad de terceros.<br \/>\nM\u00fasicos especializados en cine y TV para composiciones originales.<br \/>\nDepartamento de Gesti\u00f3n de derechos de comunicaci\u00f3n p\u00fablica para proyectos audiovisuales en todo el mundo.<\/span><\/h3>\n<p>En Freeyourpost protegemos a todas las partes, velamos por los intereses del copyright y hacemos llegar los rendimientos econ\u00f3micos que estos derechos generan.<\/p>\n<h4 style=\"text-align: left;\"><span style=\"color: #00a7a8;\">\u00a0<\/span><\/h4>\n[\/vc_column_text][\/vc_column][\/vc_row][vc_row type=\u00bbin_container\u00bb full_screen_row_position=\u00bbmiddle\u00bb scene_position=\u00bbcenter\u00bb text_color=\u00bbdark\u00bb text_align=\u00bbleft\u00bb overlay_strength=\u00bb0.3&#8243;][vc_column column_padding=\u00bbno-extra-padding\u00bb column_padding_position=\u00bball\u00bb background_color_opacity=\u00bb1&#8243; background_hover_color_opacity=\u00bb1&#8243; width=\u00bb1\/1&#8243; tablet_text_alignment=\u00bbdefault\u00bb phone_text_alignment=\u00bbdefault\u00bb][vc_column_text]\n[\/vc_column_text][\/vc_column][\/vc_row][vc_row type=\u00bbfull_width_content\u00bb full_screen_row_position=\u00bbmiddle\u00bb equal_height=\u00bbyes\u00bb content_placement=\u00bbmiddle\u00bb scene_position=\u00bbcenter\u00bb text_color=\u00bbdark\u00bb text_align=\u00bbleft\u00bb overlay_strength=\u00bb0.3&#8243;][vc_column enable_animation=\u00bbtrue\u00bb animation=\u00bbfade-in-from-left\u00bb centered_text=\u00bbtrue\u00bb column_padding=\u00bbno-extra-padding\u00bb column_padding_position=\u00bball\u00bb background_color_opacity=\u00bb1&#8243; background_hover_color_opacity=\u00bb1&#8243; width=\u00bb1\/2&#8243; tablet_text_alignment=\u00bbdefault\u00bb phone_text_alignment=\u00bbdefault\u00bb]<div class=\"img-with-aniamtion-wrap center\" data-max-width=\"125%\"><div class=\"inner\"><img decoding=\"async\" data-shadow=\"none\" data-shadow-direction=\"middle\" class=\"img-with-animation \" data-delay=\"0\" height=\"100%\" width=\"100%\" data-animation=\"none\" src=\"https:\/\/freeyourpost.com\/subdomain\/wp-content\/uploads\/2019\/09\/instrumentos_musicales.jpg\" alt=\"\" \/><\/div><\/div>[\/vc_column][vc_column column_padding=\u00bbpadding-3-percent\u00bb column_padding_position=\u00bbtop-bottom\u00bb background_color=\u00bb#ffffff\u00bb background_color_opacity=\u00bb1&#8243; background_hover_color_opacity=\u00bb1&#8243; width=\u00bb1\/2&#8243; tablet_text_alignment=\u00bbdefault\u00bb phone_text_alignment=\u00bbdefault\u00bb][vc_row_inner text_align=\u00bbleft\u00bb][vc_column_inner column_padding=\u00bbpadding-6-percent\u00bb column_padding_position=\u00bbleft-right\u00bb background_color_opacity=\u00bb1&#8243; width=\u00bb1\/1&#8243;][vc_column_text]\n<h2>SERVICIOS<\/h2>\n<h3><strong>M\u00e1s de 10,000 obras<\/strong> de artistas reconocidos y compositores especializados en audiovisual a disposici\u00f3n de nuestros clientes.<\/h3>\n<h3><strong>Licencia autom\u00e1tica<\/strong> para todos los territorios y soportes.<\/h3>\n<h3><strong>Compositores especializados<\/strong> para crear la m\u00fasica original del proyecto.<\/h3>\n<h3><strong>Registro del proyecto<\/strong> en entidades de propiedad intelectual.<\/h3>\n<h3><strong>Protecci\u00f3n para la productora,<\/strong> m\u00fasicos, actores y partes implicadas en el copyright.<\/h3>\n<h3><strong>Asesoramiento y gesti\u00f3n<\/strong> de los derechos de comunicaci\u00f3n p\u00fablica.<\/h3>\n<h3><strong>Herramientas de rastreo<\/strong> para saber donde se emite el proyecto a nivel internacional.<\/h3>\n<h3><strong>Herramientas JBC MUSIC HALL<\/strong> a disposici\u00f3n de nuestros clientes para la b\u00fasqueda de la m\u00fasica que se adapte a su escena.<\/h3>\n<h3><strong>Gesti\u00f3n de contratos, permisos y licencias<\/strong> con terceros.<\/h3>\n<h3><strong>Gesti\u00f3n de contratos internos<\/strong> entre las partes implicadas en el proyecto.<\/h3>\n[\/vc_column_text][\/vc_column_inner][\/vc_row_inner][\/vc_column][\/vc_row][vc_row type=\u00bbfull_width_background\u00bb full_screen_row_position=\u00bbmiddle\u00bb bg_color=\u00bb#00a7a8&#8243; scene_position=\u00bbcenter\u00bb text_color=\u00bbdark\u00bb text_align=\u00bbleft\u00bb top_padding=\u00bb10&#8243; bottom_padding=\u00bb10&#8243; overlay_strength=\u00bb0.3&#8243;][vc_column column_padding=\u00bbno-extra-padding\u00bb column_padding_position=\u00bball\u00bb background_color_opacity=\u00bb1&#8243; background_hover_color_opacity=\u00bb1&#8243; width=\u00bb1\/4&#8243; tablet_text_alignment=\u00bbdefault\u00bb phone_text_alignment=\u00bbdefault\u00bb][\/vc_column][vc_column centered_text=\u00bbtrue\u00bb column_padding=\u00bbno-extra-padding\u00bb column_padding_position=\u00bball\u00bb background_color_opacity=\u00bb1&#8243; background_hover_color_opacity=\u00bb1&#8243; width=\u00bb2\/4&#8243; tablet_text_alignment=\u00bbdefault\u00bb phone_text_alignment=\u00bbdefault\u00bb][vc_column_text]<img loading=\"lazy\" decoding=\"async\" class=\"size-medium wp-image-2979 aligncenter\" src=\"https:\/\/freeyourpost.com\/subdomain\/wp-content\/uploads\/2014\/05\/logo-freeyourpost-blanco-600px-300x72.png\" alt=\"logo-freeyourpost-blanco-600px\" width=\"300\" height=\"72\" srcset=\"https:\/\/freeyourpost.com\/subdomain\/wp-content\/uploads\/2014\/05\/logo-freeyourpost-blanco-600px-300x72.png 300w, https:\/\/freeyourpost.com\/subdomain\/wp-content\/uploads\/2014\/05\/logo-freeyourpost-blanco-600px.png 600w\" sizes=\"(max-width: 300px) 100vw, 300px\" \/>[\/vc_column_text][vc_column_text]\n<h5><span style=\"color: #ffffff;\"><a style=\"color: #ffffff;\" href=\"http:\/\/freeyourpost.com\/politica-de-coockies\/\">Politica de coockies |<\/a> <a style=\"color: #ffffff;\" href=\"http:\/\/freeyourpost.com\/politica-de-privacidad\/\"> Politica de privacidad |<\/a> <a style=\"color: #ffffff;\" href=\"http:\/\/freeyourpost.com\/condiciones-de-uso\/\"> Condiciones de uso<\/a><\/span><\/h5>\n[\/vc_column_text][\/vc_column][vc_column column_padding=\u00bbno-extra-padding\u00bb column_padding_position=\u00bball\u00bb background_color_opacity=\u00bb1&#8243; background_hover_color_opacity=\u00bb1&#8243; width=\u00bb1\/4&#8243; tablet_text_alignment=\u00bbdefault\u00bb phone_text_alignment=\u00bbdefault\u00bb][\/vc_column][\/vc_row][vc_row type=\u00bbfull_width_background\u00bb full_screen_row_position=\u00bbmiddle\u00bb scene_position=\u00bbcenter\u00bb text_color=\u00bbdark\u00bb text_align=\u00bbleft\u00bb overlay_strength=\u00bb0.3&#8243;][\/vc_row][vc_column column_padding=\u00bbno-extra-padding\u00bb column_padding_position=\u00bball\u00bb background_color_opacity=\u00bb1&#8243; background_hover_color_opacity=\u00bb1&#8243; width=\u00bb1\/1&#8243; tablet_text_alignment=\u00bbdefault\u00bb phone_text_alignment=\u00bbdefault\u00bb][\/vc_column]\n","protected":false},"excerpt":{"rendered":"<p>[vc_row type=\u00bbfull_width_background\u00bb full_screen_row_position=\u00bbmiddle\u00bb bg_color=\u00bb#00a7a8&#8243; scene_position=\u00bbcenter\u00bb text_color=\u00bblight\u00bb text_align=\u00bbcenter\u00bb top_padding=\u00bb40&#8243; bottom_padding=\u00bb40&#8243; overlay_strength=\u00bb0.3&#8243;][vc_column centered_text=\u00bbtrue\u00bb column_padding=\u00bbno-extra-padding\u00bb column_padding_position=\u00bball\u00bb background_color_opacity=\u00bb1&#8243; background_hover_color_opacity=\u00bb1&#8243; width=\u00bb1\/1&#8243; tablet_text_alignment=\u00bbdefault\u00bb phone_text_alignment=\u00bbdefault\u00bb][vc_column_text] M\u00daSICA PARA TUS PROYECTOS \u00a0 Tramitar licencias, permisos y la inversi\u00f3n de&#8230;<\/p>\n","protected":false},"author":7,"featured_media":0,"parent":0,"menu_order":0,"comment_status":"closed","ping_status":"closed","template":"","meta":{"footnotes":""},"yoast_head":"<!-- This site is optimized with the Yoast SEO plugin v23.5 - https:\/\/yoast.com\/wordpress\/plugins\/seo\/ -->\n<title>M\u00fasica | freeyourpost<\/title>\n<meta name=\"robots\" content=\"index, follow, max-snippet:-1, max-image-preview:large, max-video-preview:-1\" \/>\n<link rel=\"canonical\" href=\"https:\/\/freeyourpost.com\/es\/musica\/\" \/>\n<meta property=\"og:locale\" content=\"es_ES\" \/>\n<meta property=\"og:type\" content=\"article\" \/>\n<meta property=\"og:title\" content=\"M\u00fasica | freeyourpost\" \/>\n<meta property=\"og:description\" content=\"[vc_row type=\u00bbfull_width_background\u00bb full_screen_row_position=\u00bbmiddle\u00bb bg_color=\u00bb#00a7a8&#8243; scene_position=\u00bbcenter\u00bb text_color=\u00bblight\u00bb text_align=\u00bbcenter\u00bb top_padding=\u00bb40&#8243; bottom_padding=\u00bb40&#8243; overlay_strength=\u00bb0.3&#8243;][vc_column centered_text=\u00bbtrue\u00bb column_padding=\u00bbno-extra-padding\u00bb column_padding_position=\u00bball\u00bb background_color_opacity=\u00bb1&#8243; background_hover_color_opacity=\u00bb1&#8243; width=\u00bb1\/1&#8243; tablet_text_alignment=\u00bbdefault\u00bb phone_text_alignment=\u00bbdefault\u00bb][vc_column_text] M\u00daSICA PARA TUS PROYECTOS \u00a0 Tramitar licencias, permisos y la inversi\u00f3n de...\" \/>\n<meta property=\"og:url\" content=\"https:\/\/freeyourpost.com\/es\/musica\/\" \/>\n<meta property=\"og:site_name\" content=\"freeyourpost\" \/>\n<meta property=\"article:publisher\" content=\"https:\/\/www.facebook.com\/freeyourpost\/\" \/>\n<meta property=\"article:modified_time\" content=\"2024-03-21T11:30:36+00:00\" \/>\n<meta property=\"og:image\" content=\"https:\/\/freeyourpost.com\/subdomain\/wp-content\/uploads\/2014\/05\/logo-freeyourpost-blanco-600px-300x72.png\" \/>\n<meta name=\"twitter:card\" content=\"summary_large_image\" \/>\n<meta name=\"twitter:site\" content=\"@freeyourpost\" \/>\n<meta name=\"twitter:label1\" content=\"Tiempo de lectura\" \/>\n\t<meta name=\"twitter:data1\" content=\"2 minutos\" \/>\n<script type=\"application\/ld+json\" class=\"yoast-schema-graph\">{\"@context\":\"https:\/\/schema.org\",\"@graph\":[{\"@type\":\"WebPage\",\"@id\":\"https:\/\/freeyourpost.com\/es\/musica\/\",\"url\":\"https:\/\/freeyourpost.com\/es\/musica\/\",\"name\":\"M\u00fasica | freeyourpost\",\"isPartOf\":{\"@id\":\"http:\/\/freeyourpost.com\/#website\"},\"primaryImageOfPage\":{\"@id\":\"https:\/\/freeyourpost.com\/es\/musica\/#primaryimage\"},\"image\":{\"@id\":\"https:\/\/freeyourpost.com\/es\/musica\/#primaryimage\"},\"thumbnailUrl\":\"https:\/\/freeyourpost.com\/subdomain\/wp-content\/uploads\/2014\/05\/logo-freeyourpost-blanco-600px-300x72.png\",\"datePublished\":\"2019-10-02T23:36:13+00:00\",\"dateModified\":\"2024-03-21T11:30:36+00:00\",\"breadcrumb\":{\"@id\":\"https:\/\/freeyourpost.com\/es\/musica\/#breadcrumb\"},\"inLanguage\":\"es\",\"potentialAction\":[{\"@type\":\"ReadAction\",\"target\":[\"https:\/\/freeyourpost.com\/es\/musica\/\"]}]},{\"@type\":\"ImageObject\",\"inLanguage\":\"es\",\"@id\":\"https:\/\/freeyourpost.com\/es\/musica\/#primaryimage\",\"url\":\"https:\/\/freeyourpost.com\/subdomain\/wp-content\/uploads\/2014\/05\/logo-freeyourpost-blanco-600px-300x72.png\",\"contentUrl\":\"https:\/\/freeyourpost.com\/subdomain\/wp-content\/uploads\/2014\/05\/logo-freeyourpost-blanco-600px-300x72.png\"},{\"@type\":\"BreadcrumbList\",\"@id\":\"https:\/\/freeyourpost.com\/es\/musica\/#breadcrumb\",\"itemListElement\":[{\"@type\":\"ListItem\",\"position\":1,\"name\":\"Home\",\"item\":\"https:\/\/freeyourpost.com\/es\/\"},{\"@type\":\"ListItem\",\"position\":2,\"name\":\"M\u00fasica\"}]},{\"@type\":\"WebSite\",\"@id\":\"http:\/\/freeyourpost.com\/#website\",\"url\":\"http:\/\/freeyourpost.com\/\",\"name\":\"freeyourpost\",\"description\":\"post production management agency\",\"publisher\":{\"@id\":\"http:\/\/freeyourpost.com\/#organization\"},\"potentialAction\":[{\"@type\":\"SearchAction\",\"target\":{\"@type\":\"EntryPoint\",\"urlTemplate\":\"http:\/\/freeyourpost.com\/?s={search_term_string}\"},\"query-input\":{\"@type\":\"PropertyValueSpecification\",\"valueRequired\":true,\"valueName\":\"search_term_string\"}}],\"inLanguage\":\"es\"},{\"@type\":\"Organization\",\"@id\":\"http:\/\/freeyourpost.com\/#organization\",\"name\":\"Freeyourpost\",\"url\":\"http:\/\/freeyourpost.com\/\",\"logo\":{\"@type\":\"ImageObject\",\"inLanguage\":\"es\",\"@id\":\"http:\/\/freeyourpost.com\/#\/schema\/logo\/image\/\",\"url\":\"https:\/\/freeyourpost.com\/subdomain\/wp-content\/uploads\/2014\/05\/LogoFreeyourpost.png\",\"contentUrl\":\"https:\/\/freeyourpost.com\/subdomain\/wp-content\/uploads\/2014\/05\/LogoFreeyourpost.png\",\"width\":2100,\"height\":732,\"caption\":\"Freeyourpost\"},\"image\":{\"@id\":\"http:\/\/freeyourpost.com\/#\/schema\/logo\/image\/\"},\"sameAs\":[\"https:\/\/www.facebook.com\/freeyourpost\/\",\"https:\/\/x.com\/freeyourpost\",\"https:\/\/www.instagram.com\/freeyourpost\/\",\"https:\/\/es.linkedin.com\/company\/fypost\"]}]}<\/script>\n<!-- \/ Yoast SEO plugin. -->","yoast_head_json":{"title":"M\u00fasica | freeyourpost","robots":{"index":"index","follow":"follow","max-snippet":"max-snippet:-1","max-image-preview":"max-image-preview:large","max-video-preview":"max-video-preview:-1"},"canonical":"https:\/\/freeyourpost.com\/es\/musica\/","og_locale":"es_ES","og_type":"article","og_title":"M\u00fasica | freeyourpost","og_description":"[vc_row type=\u00bbfull_width_background\u00bb full_screen_row_position=\u00bbmiddle\u00bb bg_color=\u00bb#00a7a8&#8243; scene_position=\u00bbcenter\u00bb text_color=\u00bblight\u00bb text_align=\u00bbcenter\u00bb top_padding=\u00bb40&#8243; bottom_padding=\u00bb40&#8243; overlay_strength=\u00bb0.3&#8243;][vc_column centered_text=\u00bbtrue\u00bb column_padding=\u00bbno-extra-padding\u00bb column_padding_position=\u00bball\u00bb background_color_opacity=\u00bb1&#8243; background_hover_color_opacity=\u00bb1&#8243; width=\u00bb1\/1&#8243; tablet_text_alignment=\u00bbdefault\u00bb phone_text_alignment=\u00bbdefault\u00bb][vc_column_text] M\u00daSICA PARA TUS PROYECTOS \u00a0 Tramitar licencias, permisos y la inversi\u00f3n de...","og_url":"https:\/\/freeyourpost.com\/es\/musica\/","og_site_name":"freeyourpost","article_publisher":"https:\/\/www.facebook.com\/freeyourpost\/","article_modified_time":"2024-03-21T11:30:36+00:00","og_image":[{"url":"https:\/\/freeyourpost.com\/subdomain\/wp-content\/uploads\/2014\/05\/logo-freeyourpost-blanco-600px-300x72.png"}],"twitter_card":"summary_large_image","twitter_site":"@freeyourpost","twitter_misc":{"Tiempo de lectura":"2 minutos"},"schema":{"@context":"https:\/\/schema.org","@graph":[{"@type":"WebPage","@id":"https:\/\/freeyourpost.com\/es\/musica\/","url":"https:\/\/freeyourpost.com\/es\/musica\/","name":"M\u00fasica | freeyourpost","isPartOf":{"@id":"http:\/\/freeyourpost.com\/#website"},"primaryImageOfPage":{"@id":"https:\/\/freeyourpost.com\/es\/musica\/#primaryimage"},"image":{"@id":"https:\/\/freeyourpost.com\/es\/musica\/#primaryimage"},"thumbnailUrl":"https:\/\/freeyourpost.com\/subdomain\/wp-content\/uploads\/2014\/05\/logo-freeyourpost-blanco-600px-300x72.png","datePublished":"2019-10-02T23:36:13+00:00","dateModified":"2024-03-21T11:30:36+00:00","breadcrumb":{"@id":"https:\/\/freeyourpost.com\/es\/musica\/#breadcrumb"},"inLanguage":"es","potentialAction":[{"@type":"ReadAction","target":["https:\/\/freeyourpost.com\/es\/musica\/"]}]},{"@type":"ImageObject","inLanguage":"es","@id":"https:\/\/freeyourpost.com\/es\/musica\/#primaryimage","url":"https:\/\/freeyourpost.com\/subdomain\/wp-content\/uploads\/2014\/05\/logo-freeyourpost-blanco-600px-300x72.png","contentUrl":"https:\/\/freeyourpost.com\/subdomain\/wp-content\/uploads\/2014\/05\/logo-freeyourpost-blanco-600px-300x72.png"},{"@type":"BreadcrumbList","@id":"https:\/\/freeyourpost.com\/es\/musica\/#breadcrumb","itemListElement":[{"@type":"ListItem","position":1,"name":"Home","item":"https:\/\/freeyourpost.com\/es\/"},{"@type":"ListItem","position":2,"name":"M\u00fasica"}]},{"@type":"WebSite","@id":"http:\/\/freeyourpost.com\/#website","url":"http:\/\/freeyourpost.com\/","name":"freeyourpost","description":"post production management agency","publisher":{"@id":"http:\/\/freeyourpost.com\/#organization"},"potentialAction":[{"@type":"SearchAction","target":{"@type":"EntryPoint","urlTemplate":"http:\/\/freeyourpost.com\/?s={search_term_string}"},"query-input":{"@type":"PropertyValueSpecification","valueRequired":true,"valueName":"search_term_string"}}],"inLanguage":"es"},{"@type":"Organization","@id":"http:\/\/freeyourpost.com\/#organization","name":"Freeyourpost","url":"http:\/\/freeyourpost.com\/","logo":{"@type":"ImageObject","inLanguage":"es","@id":"http:\/\/freeyourpost.com\/#\/schema\/logo\/image\/","url":"https:\/\/freeyourpost.com\/subdomain\/wp-content\/uploads\/2014\/05\/LogoFreeyourpost.png","contentUrl":"https:\/\/freeyourpost.com\/subdomain\/wp-content\/uploads\/2014\/05\/LogoFreeyourpost.png","width":2100,"height":732,"caption":"Freeyourpost"},"image":{"@id":"http:\/\/freeyourpost.com\/#\/schema\/logo\/image\/"},"sameAs":["https:\/\/www.facebook.com\/freeyourpost\/","https:\/\/x.com\/freeyourpost","https:\/\/www.instagram.com\/freeyourpost\/","https:\/\/es.linkedin.com\/company\/fypost"]}]}},"_links":{"self":[{"href":"https:\/\/freeyourpost.com\/es\/wp-json\/wp\/v2\/pages\/7468"}],"collection":[{"href":"https:\/\/freeyourpost.com\/es\/wp-json\/wp\/v2\/pages"}],"about":[{"href":"https:\/\/freeyourpost.com\/es\/wp-json\/wp\/v2\/types\/page"}],"author":[{"embeddable":true,"href":"https:\/\/freeyourpost.com\/es\/wp-json\/wp\/v2\/users\/7"}],"replies":[{"embeddable":true,"href":"https:\/\/freeyourpost.com\/es\/wp-json\/wp\/v2\/comments?post=7468"}],"version-history":[{"count":2,"href":"https:\/\/freeyourpost.com\/es\/wp-json\/wp\/v2\/pages\/7468\/revisions"}],"predecessor-version":[{"id":7923,"href":"https:\/\/freeyourpost.com\/es\/wp-json\/wp\/v2\/pages\/7468\/revisions\/7923"}],"wp:attachment":[{"href":"https:\/\/freeyourpost.com\/es\/wp-json\/wp\/v2\/media?parent=7468"}],"curies":[{"name":"wp","href":"https:\/\/api.w.org\/{rel}","templated":true}]}}